{"id":166,"date":"2023-05-06T10:30:12","date_gmt":"2023-05-06T08:30:12","guid":{"rendered":"https:\/\/atonball.org\/?page_id=166"},"modified":"2023-05-09T22:45:16","modified_gmt":"2023-05-09T20:45:16","slug":"philosophie-conceptrice-de-latonball","status":"publish","type":"page","link":"https:\/\/atonball.org\/index.php\/a-la-decouverte-de-latonball\/philosophie-conceptrice-de-latonball\/","title":{"rendered":"Philosophie conceptrice de l\u2019atonball"},"content":{"rendered":"\t\t<div data-elementor-type=\"wp-page\" data-elementor-id=\"166\" class=\"elementor elementor-166\">\n\t\t\t\t\t\t<section class=\"elementor-section elementor-top-section elementor-element elementor-element-32b9a5c1 elementor-section-boxed elementor-section-height-default elementor-section-height-default\" data-id=\"32b9a5c1\" data-element_type=\"section\" data-e-type=\"section\">\n\t\t\t\t\t\t<div class=\"elementor-container elementor-column-gap-default\">\n\t\t\t\t\t<div class=\"elementor-column elementor-col-100 elementor-top-column elementor-element elementor-element-2a9d8e6e\" data-id=\"2a9d8e6e\" data-element_type=\"column\" data-e-type=\"column\">\n\t\t\t<div class=\"elementor-widget-wrap elementor-element-populated\">\n\t\t\t\t\t\t<div class=\"elementor-element elementor-element-7ff782cb elementor-drop-cap-yes elementor-widget__width-initial elementor-drop-cap-view-default elementor-widget elementor-widget-text-editor\" data-id=\"7ff782cb\" data-element_type=\"widget\" data-e-type=\"widget\" data-settings=\"{&quot;drop_cap&quot;:&quot;yes&quot;}\" data-widget_type=\"text-editor.default\">\n\t\t\t\t<div class=\"elementor-widget-container\">\n\t\t\t\t\t\t\t\t\t<p> \nLes pratiques partag\u00e9es de sports de masse refl\u00e8tent l\u2019universalit\u00e9 des droits aux plaisirs de l\u2019activit\u00e9 motrice individuelle et collective de l\u2019Homme, des droits \u00e0 la passion et aux jeux de soci\u00e9t\u00e9 dans le respect des droits fondamentaux universels. Ces pratiques se multiplient et se diversifient.\n<\/p>\nL\u2019Atonball est opportun pour le d\u00e9veloppement humain des comp\u00e9tences sportives multiples, des attitudes convergentes, de d\u00e9veloppement des aptitudes d\u2019auto-coordination, en se basant sur des r\u00e9f\u00e9rences singuli\u00e8res, r\u00e9alistes et inspir\u00e9es du plaisir d\u00e9multipli\u00e9 du jeu. Il r\u00e9v\u00e8le une aire nouvelle de jeu, la possibilit\u00e9 multiple de l\u2019Homme de poursuivre plusieurs objectifs \u00e0 la fois, de viser un niveau pr\u00e9cis d\u2019un camp d\u2019objectif, tel une dext\u00e9rit\u00e9 de soldat, de travailler en synergie, \u00e0 la cha\u00eene, de s\u2019auto discipliner dans un groupe, de penser principalement au collectif et de travailler malgr\u00e9 les sp\u00e9cialisations des instants pour atteindre un but commun en tout temps, d\u2019\u00e9viter la d\u00e9possession par l\u2019adversaire du pouvoir d\u2019annuler et ainsi de prot\u00e9ger son pouvoir d\u2019action, de coordonner les actions dans le temps propice \u00e0 la multiplication des r\u00e9sultats et surtout d\u2019\u00e9viter de sombrer dans le r\u00e9sultat n\u00e9gatif pour d\u00e9faut du minimum des qualit\u00e9s requises.\n<\/p>\nL\u2019Atonball, c\u2019est la transposition sportive et ludique des dynamiques et des contre-dynamismes de la r\u00e9alit\u00e9 sociale et soci\u00e9tale. C\u2019est le th\u00e9\u00e2tre sportif de l\u2019existence et de la combativit\u00e9 humaine.\n<\/p>\nL\u2019Atonball, c\u2019est l\u2019\u00e9manation des valeurs humaines et professionnelles telles que l\u2019\u00e9galit\u00e9, le respect r\u00e9ciproque, l\u2019\u00e9quit\u00e9, la justice, la performance, la planification, la gestion ax\u00e9e sur des objectifs, la r\u00e9ussite.\n<\/p>\nC\u2019est le rep\u00e8re bariol\u00e9 des victoires par les trois balles de couleurs distinctes de jeu, des filets tricolores, des trois zones de l\u2019aire de jeu, des trois points d\u2019ex\u00e9cution d\u2019une p\u00e9nalit\u00e9, des trois temps de jeu et bien d\u2019autres attraits aussi visibles et que diffus. L\u2019Atonball est le jeu de l\u2019homo trois fois sapiens.\n\t\t\t\t\t\t\t\t<\/div>\n\t\t\t\t<\/div>\n\t\t\t\t\t<\/div>\n\t\t<\/div>\n\t\t\t\t\t<\/div>\n\t\t<\/section>\n\t\t\t\t<\/div>\n\t\t","protected":false},"excerpt":{"rendered":"<p>Les pratiques partag\u00e9es de sports de masse refl\u00e8tent l\u2019universalit\u00e9 des droits aux plaisirs de l\u2019activit\u00e9 motrice individuelle et collective de [&hellip;]<\/p>\n","protected":false},"author":1,"featured_media":21,"parent":27,"menu_order":2,"comment_status":"closed","ping_status":"closed","template":"","meta":{"_uag_custom_page_level_css":"","footnotes":""},"class_list":["post-166","page","type-page","status-publish","has-post-thumbnail","hentry"],"yoast_head":"<!-- This site is optimized with the Yoast SEO plugin v27.0 - https:\/\/yoast.com\/product\/yoast-seo-wordpress\/ -->\n<title>Philosophie conceptrice de l\u2019atonball - atonball.org<\/title>\n<meta name=\"robots\" content=\"index, follow, max-snippet:-1, max-image-preview:large, max-video-preview:-1\" \/>\n<link rel=\"canonical\" href=\"https:\/\/atonball.org\/index.php\/a-la-decouverte-de-latonball\/philosophie-conceptrice-de-latonball\/\" \/>\n<meta property=\"og:locale\" content=\"en_US\" \/>\n<meta property=\"og:type\" content=\"article\" \/>\n<meta property=\"og:title\" content=\"Philosophie conceptrice de l\u2019atonball - atonball.org\" \/>\n<meta property=\"og:description\" content=\"Les pratiques partag\u00e9es de sports de masse refl\u00e8tent l\u2019universalit\u00e9 des droits aux plaisirs de l\u2019activit\u00e9 motrice individuelle et collective de [&hellip;]\" \/>\n<meta property=\"og:url\" content=\"https:\/\/atonball.org\/index.php\/a-la-decouverte-de-latonball\/philosophie-conceptrice-de-latonball\/\" \/>\n<meta property=\"og:site_name\" content=\"atonball.org\" \/>\n<meta property=\"article:publisher\" content=\"https:\/\/www.facebook.com\/profile.php?id=100063710065600\" \/>\n<meta property=\"article:modified_time\" content=\"2023-05-09T20:45:16+00:00\" \/>\n<meta property=\"og:image\" content=\"https:\/\/atonball.org\/wp-content\/uploads\/2023\/04\/cropped-TerrainLogo-e1683541454258.png\" \/>\n\t<meta property=\"og:image:width\" content=\"200\" \/>\n\t<meta property=\"og:image:height\" content=\"81\" \/>\n\t<meta property=\"og:image:type\" content=\"image\/png\" \/>\n<meta name=\"twitter:card\" content=\"summary_large_image\" \/>\n<meta name=\"twitter:label1\" content=\"Est. reading time\" \/>\n\t<meta name=\"twitter:data1\" content=\"2 minutes\" \/>\n<script type=\"application\/ld+json\" class=\"yoast-schema-graph\">{\"@context\":\"https:\/\/schema.org\",\"@graph\":[{\"@type\":\"WebPage\",\"@id\":\"https:\/\/atonball.org\/index.php\/a-la-decouverte-de-latonball\/philosophie-conceptrice-de-latonball\/\",\"url\":\"https:\/\/atonball.org\/index.php\/a-la-decouverte-de-latonball\/philosophie-conceptrice-de-latonball\/\",\"name\":\"Philosophie conceptrice de l\u2019atonball - atonball.org\",\"isPartOf\":{\"@id\":\"https:\/\/atonball.org\/#website\"},\"primaryImageOfPage\":{\"@id\":\"https:\/\/atonball.org\/index.php\/a-la-decouverte-de-latonball\/philosophie-conceptrice-de-latonball\/#primaryimage\"},\"image\":{\"@id\":\"https:\/\/atonball.org\/index.php\/a-la-decouverte-de-latonball\/philosophie-conceptrice-de-latonball\/#primaryimage\"},\"thumbnailUrl\":\"https:\/\/atonball.org\/wp-content\/uploads\/2023\/04\/cropped-TerrainLogo-e1683541454258.png\",\"datePublished\":\"2023-05-06T08:30:12+00:00\",\"dateModified\":\"2023-05-09T20:45:16+00:00\",\"breadcrumb\":{\"@id\":\"https:\/\/atonball.org\/index.php\/a-la-decouverte-de-latonball\/philosophie-conceptrice-de-latonball\/#breadcrumb\"},\"inLanguage\":\"en-US\",\"potentialAction\":[{\"@type\":\"ReadAction\",\"target\":[\"https:\/\/atonball.org\/index.php\/a-la-decouverte-de-latonball\/philosophie-conceptrice-de-latonball\/\"]}]},{\"@type\":\"ImageObject\",\"inLanguage\":\"en-US\",\"@id\":\"https:\/\/atonball.org\/index.php\/a-la-decouverte-de-latonball\/philosophie-conceptrice-de-latonball\/#primaryimage\",\"url\":\"https:\/\/atonball.org\/wp-content\/uploads\/2023\/04\/cropped-TerrainLogo-e1683541454258.png\",\"contentUrl\":\"https:\/\/atonball.org\/wp-content\/uploads\/2023\/04\/cropped-TerrainLogo-e1683541454258.png\",\"width\":200,\"height\":81},{\"@type\":\"BreadcrumbList\",\"@id\":\"https:\/\/atonball.org\/index.php\/a-la-decouverte-de-latonball\/philosophie-conceptrice-de-latonball\/#breadcrumb\",\"itemListElement\":[{\"@type\":\"ListItem\",\"position\":1,\"name\":\"Accueil\",\"item\":\"https:\/\/atonball.org\/\"},{\"@type\":\"ListItem\",\"position\":2,\"name\":\"A la d\u00e9couverte de l&rsquo;atonball\",\"item\":\"https:\/\/atonball.org\/index.php\/a-la-decouverte-de-latonball\/\"},{\"@type\":\"ListItem\",\"position\":3,\"name\":\"Philosophie conceptrice de l\u2019atonball\"}]},{\"@type\":\"WebSite\",\"@id\":\"https:\/\/atonball.org\/#website\",\"url\":\"https:\/\/atonball.org\/\",\"name\":\"atonball.org\",\"description\":\"A new world of sport \",\"publisher\":{\"@id\":\"https:\/\/atonball.org\/#organization\"},\"potentialAction\":[{\"@type\":\"SearchAction\",\"target\":{\"@type\":\"EntryPoint\",\"urlTemplate\":\"https:\/\/atonball.org\/?s={search_term_string}\"},\"query-input\":{\"@type\":\"PropertyValueSpecification\",\"valueRequired\":true,\"valueName\":\"search_term_string\"}}],\"inLanguage\":\"en-US\"},{\"@type\":\"Organization\",\"@id\":\"https:\/\/atonball.org\/#organization\",\"name\":\"atonball\",\"url\":\"https:\/\/atonball.org\/\",\"logo\":{\"@type\":\"ImageObject\",\"inLanguage\":\"en-US\",\"@id\":\"https:\/\/atonball.org\/#\/schema\/logo\/image\/\",\"url\":\"https:\/\/atonball.org\/wp-content\/uploads\/2023\/04\/cropped-cropped-atonball-logo3.png\",\"contentUrl\":\"https:\/\/atonball.org\/wp-content\/uploads\/2023\/04\/cropped-cropped-atonball-logo3.png\",\"width\":512,\"height\":345,\"caption\":\"atonball\"},\"image\":{\"@id\":\"https:\/\/atonball.org\/#\/schema\/logo\/image\/\"},\"sameAs\":[\"https:\/\/www.facebook.com\/profile.php?id=100063710065600\"]}]}<\/script>\n<!-- \/ Yoast SEO plugin. -->","yoast_head_json":{"title":"Philosophie conceptrice de l\u2019atonball - atonball.org","robots":{"index":"index","follow":"follow","max-snippet":"max-snippet:-1","max-image-preview":"max-image-preview:large","max-video-preview":"max-video-preview:-1"},"canonical":"https:\/\/atonball.org\/index.php\/a-la-decouverte-de-latonball\/philosophie-conceptrice-de-latonball\/","og_locale":"en_US","og_type":"article","og_title":"Philosophie conceptrice de l\u2019atonball - atonball.org","og_description":"Les pratiques partag\u00e9es de sports de masse refl\u00e8tent l\u2019universalit\u00e9 des droits aux plaisirs de l\u2019activit\u00e9 motrice individuelle et collective de [&hellip;]","og_url":"https:\/\/atonball.org\/index.php\/a-la-decouverte-de-latonball\/philosophie-conceptrice-de-latonball\/","og_site_name":"atonball.org","article_publisher":"https:\/\/www.facebook.com\/profile.php?id=100063710065600","article_modified_time":"2023-05-09T20:45:16+00:00","og_image":[{"width":200,"height":81,"url":"https:\/\/atonball.org\/wp-content\/uploads\/2023\/04\/cropped-TerrainLogo-e1683541454258.png","type":"image\/png"}],"twitter_card":"summary_large_image","twitter_misc":{"Est. reading time":"2 minutes"},"schema":{"@context":"https:\/\/schema.org","@graph":[{"@type":"WebPage","@id":"https:\/\/atonball.org\/index.php\/a-la-decouverte-de-latonball\/philosophie-conceptrice-de-latonball\/","url":"https:\/\/atonball.org\/index.php\/a-la-decouverte-de-latonball\/philosophie-conceptrice-de-latonball\/","name":"Philosophie conceptrice de l\u2019atonball - atonball.org","isPartOf":{"@id":"https:\/\/atonball.org\/#website"},"primaryImageOfPage":{"@id":"https:\/\/atonball.org\/index.php\/a-la-decouverte-de-latonball\/philosophie-conceptrice-de-latonball\/#primaryimage"},"image":{"@id":"https:\/\/atonball.org\/index.php\/a-la-decouverte-de-latonball\/philosophie-conceptrice-de-latonball\/#primaryimage"},"thumbnailUrl":"https:\/\/atonball.org\/wp-content\/uploads\/2023\/04\/cropped-TerrainLogo-e1683541454258.png","datePublished":"2023-05-06T08:30:12+00:00","dateModified":"2023-05-09T20:45:16+00:00","breadcrumb":{"@id":"https:\/\/atonball.org\/index.php\/a-la-decouverte-de-latonball\/philosophie-conceptrice-de-latonball\/#breadcrumb"},"inLanguage":"en-US","potentialAction":[{"@type":"ReadAction","target":["https:\/\/atonball.org\/index.php\/a-la-decouverte-de-latonball\/philosophie-conceptrice-de-latonball\/"]}]},{"@type":"ImageObject","inLanguage":"en-US","@id":"https:\/\/atonball.org\/index.php\/a-la-decouverte-de-latonball\/philosophie-conceptrice-de-latonball\/#primaryimage","url":"https:\/\/atonball.org\/wp-content\/uploads\/2023\/04\/cropped-TerrainLogo-e1683541454258.png","contentUrl":"https:\/\/atonball.org\/wp-content\/uploads\/2023\/04\/cropped-TerrainLogo-e1683541454258.png","width":200,"height":81},{"@type":"BreadcrumbList","@id":"https:\/\/atonball.org\/index.php\/a-la-decouverte-de-latonball\/philosophie-conceptrice-de-latonball\/#breadcrumb","itemListElement":[{"@type":"ListItem","position":1,"name":"Accueil","item":"https:\/\/atonball.org\/"},{"@type":"ListItem","position":2,"name":"A la d\u00e9couverte de l&rsquo;atonball","item":"https:\/\/atonball.org\/index.php\/a-la-decouverte-de-latonball\/"},{"@type":"ListItem","position":3,"name":"Philosophie conceptrice de l\u2019atonball"}]},{"@type":"WebSite","@id":"https:\/\/atonball.org\/#website","url":"https:\/\/atonball.org\/","name":"atonball.org","description":"A new world of sport ","publisher":{"@id":"https:\/\/atonball.org\/#organization"},"potentialAction":[{"@type":"SearchAction","target":{"@type":"EntryPoint","urlTemplate":"https:\/\/atonball.org\/?s={search_term_string}"},"query-input":{"@type":"PropertyValueSpecification","valueRequired":true,"valueName":"search_term_string"}}],"inLanguage":"en-US"},{"@type":"Organization","@id":"https:\/\/atonball.org\/#organization","name":"atonball","url":"https:\/\/atonball.org\/","logo":{"@type":"ImageObject","inLanguage":"en-US","@id":"https:\/\/atonball.org\/#\/schema\/logo\/image\/","url":"https:\/\/atonball.org\/wp-content\/uploads\/2023\/04\/cropped-cropped-atonball-logo3.png","contentUrl":"https:\/\/atonball.org\/wp-content\/uploads\/2023\/04\/cropped-cropped-atonball-logo3.png","width":512,"height":345,"caption":"atonball"},"image":{"@id":"https:\/\/atonball.org\/#\/schema\/logo\/image\/"},"sameAs":["https:\/\/www.facebook.com\/profile.php?id=100063710065600"]}]}},"uagb_featured_image_src":{"full":["https:\/\/atonball.org\/wp-content\/uploads\/2023\/04\/cropped-TerrainLogo-e1683541454258.png",200,81,false],"thumbnail":["https:\/\/atonball.org\/wp-content\/uploads\/2023\/04\/cropped-TerrainLogo-e1683541454258-150x81.png",150,81,true],"medium":["https:\/\/atonball.org\/wp-content\/uploads\/2023\/04\/cropped-TerrainLogo-300x122.png",300,122,true],"medium_large":["https:\/\/atonball.org\/wp-content\/uploads\/2023\/04\/cropped-TerrainLogo-768x312.png",768,312,true],"large":["https:\/\/atonball.org\/wp-content\/uploads\/2023\/04\/cropped-TerrainLogo-1024x416.png",1024,416,true],"post-slider-thumb-size":["https:\/\/atonball.org\/wp-content\/uploads\/2023\/04\/cropped-TerrainLogo-330x190.png",330,190,true],"1536x1536":["https:\/\/atonball.org\/wp-content\/uploads\/2023\/04\/cropped-TerrainLogo-1536x624.png",1536,624,true],"2048x2048":["https:\/\/atonball.org\/wp-content\/uploads\/2023\/04\/cropped-TerrainLogo-e1683541454258.png",200,81,false],"post-thumbnail":["https:\/\/atonball.org\/wp-content\/uploads\/2023\/04\/cropped-TerrainLogo-e1683541454258.png",200,81,false],"tzwb-thumbnail":["https:\/\/atonball.org\/wp-content\/uploads\/2023\/04\/cropped-TerrainLogo-e1683541454258-80x80.png",80,80,true]},"uagb_author_info":{"display_name":"Concepteur","author_link":"https:\/\/atonball.org\/index.php\/author\/moclaimg14gmail-com\/"},"uagb_comment_info":0,"uagb_excerpt":"Les pratiques partag\u00e9es de sports de masse refl\u00e8tent l\u2019universalit\u00e9 des droits aux plaisirs de l\u2019activit\u00e9 motrice individuelle et collective de [&hellip;]","_links":{"self":[{"href":"https:\/\/atonball.org\/index.php\/wp-json\/wp\/v2\/pages\/166","targetHints":{"allow":["GET"]}}],"collection":[{"href":"https:\/\/atonball.org\/index.php\/wp-json\/wp\/v2\/pages"}],"about":[{"href":"https:\/\/atonball.org\/index.php\/wp-json\/wp\/v2\/types\/page"}],"author":[{"embeddable":true,"href":"https:\/\/atonball.org\/index.php\/wp-json\/wp\/v2\/users\/1"}],"replies":[{"embeddable":true,"href":"https:\/\/atonball.org\/index.php\/wp-json\/wp\/v2\/comments?post=166"}],"version-history":[{"count":5,"href":"https:\/\/atonball.org\/index.php\/wp-json\/wp\/v2\/pages\/166\/revisions"}],"predecessor-version":[{"id":316,"href":"https:\/\/atonball.org\/index.php\/wp-json\/wp\/v2\/pages\/166\/revisions\/316"}],"up":[{"embeddable":true,"href":"https:\/\/atonball.org\/index.php\/wp-json\/wp\/v2\/pages\/27"}],"wp:featuredmedia":[{"embeddable":true,"href":"https:\/\/atonball.org\/index.php\/wp-json\/wp\/v2\/media\/21"}],"wp:attachment":[{"href":"https:\/\/atonball.org\/index.php\/wp-json\/wp\/v2\/media?parent=166"}],"curies":[{"name":"wp","href":"https:\/\/api.w.org\/{rel}","templated":true}]}}