{"id":168,"date":"2023-05-06T10:41:54","date_gmt":"2023-05-06T08:41:54","guid":{"rendered":"https:\/\/atonball.org\/?page_id=168"},"modified":"2023-05-09T22:21:14","modified_gmt":"2023-05-09T20:21:14","slug":"fil-dariane-de-latonball","status":"publish","type":"page","link":"https:\/\/atonball.org\/index.php\/a-la-decouverte-de-latonball\/fil-dariane-de-latonball\/","title":{"rendered":"Fil d&#8217;Ariane de l&#8217;atonball"},"content":{"rendered":"\t\t<div data-elementor-type=\"wp-page\" data-elementor-id=\"168\" class=\"elementor elementor-168\">\n\t\t\t\t\t\t<section class=\"elementor-section elementor-top-section elementor-element elementor-element-7bec477e elementor-section-boxed elementor-section-height-default elementor-section-height-default\" data-id=\"7bec477e\" data-element_type=\"section\" data-e-type=\"section\">\n\t\t\t\t\t\t<div class=\"elementor-container elementor-column-gap-default\">\n\t\t\t\t\t<div class=\"elementor-column elementor-col-100 elementor-top-column elementor-element elementor-element-1b6bbd57\" data-id=\"1b6bbd57\" data-element_type=\"column\" data-e-type=\"column\">\n\t\t\t<div class=\"elementor-widget-wrap elementor-element-populated\">\n\t\t\t\t\t\t<div class=\"elementor-element elementor-element-7019c949 elementor-drop-cap-yes elementor-drop-cap-view-default elementor-widget elementor-widget-text-editor\" data-id=\"7019c949\" data-element_type=\"widget\" data-e-type=\"widget\" data-settings=\"{&quot;drop_cap&quot;:&quot;yes&quot;}\" data-widget_type=\"text-editor.default\">\n\t\t\t\t<div class=\"elementor-widget-container\">\n\t\t\t\t\t\t\t\t\tAtonball ou Threeball est un jeu qui met l\u2019accent sur la convergence dans les positions diff\u00e9rentes, un d\u00e9fi de conjonction, de coordination, de symbiose, de discipline, de logique, de suite, de qu\u00eate de r\u00e9ussite malgr\u00e9 les pousses d\u2019an\u00e9antissement arros\u00e9es par les adversaires sur le chemin de la r\u00e9ussite.\n\nLe concepteur y met l\u2019accent sur l\u2019auto organisation et l\u2019auto discipline facilitant le travail de l\u2019\u00e9quipe d\u2019encadrement hors des aires de jeu ; chaque membre d\u2019une \u00e9quipe principalement le campeur, le m\u00e9tronome et le lanceur, joue le r\u00f4le d\u2019encadreur secondaire et de leader selon le cas. Pour illustration, le lanceur corrige les failles organisationnelles, tactiques et avec dext\u00e9rit\u00e9, il d\u00e9cuple les efforts aux fins de creuser l\u2019\u00e9cart avec les adversaires et d\u2019emporter la victoire.\n\nLe terrain de jeu con\u00e7u est fascinant par son trac\u00e9, les objectifs sont vis\u00e9s sur des filets sp\u00e9ciaux et pittoresques. Le jeu h\u00e9berge une disposition organisationnelle particuli\u00e8re aff\u00fbtant la strat\u00e9gie de groupe pour affiner la qu\u00eate de pr\u00e9cision et suscitant plus de concentration, plus d\u2019adresse, d\u2019\u00e9motion et de passion.\t\t\t\t\t\t\t\t<\/div>\n\t\t\t\t<\/div>\n\t\t\t\t\t<\/div>\n\t\t<\/div>\n\t\t\t\t\t<\/div>\n\t\t<\/section>\n\t\t\t\t<\/div>\n\t\t","protected":false},"excerpt":{"rendered":"<p>Atonball ou Threeball est un jeu qui met l\u2019accent sur la convergence dans les positions diff\u00e9rentes, un d\u00e9fi de conjonction, [&hellip;]<\/p>\n","protected":false},"author":1,"featured_media":198,"parent":27,"menu_order":3,"comment_status":"closed","ping_status":"closed","template":"","meta":{"_uag_custom_page_level_css":"","footnotes":""},"class_list":["post-168","page","type-page","status-publish","has-post-thumbnail","hentry"],"yoast_head":"<!-- This site is optimized with the Yoast SEO plugin v27.0 - https:\/\/yoast.com\/product\/yoast-seo-wordpress\/ -->\n<title>Fil d&#039;Ariane de l&#039;atonball - atonball.org<\/title>\n<meta name=\"robots\" content=\"index, follow, max-snippet:-1, max-image-preview:large, max-video-preview:-1\" \/>\n<link rel=\"canonical\" href=\"https:\/\/atonball.org\/index.php\/a-la-decouverte-de-latonball\/fil-dariane-de-latonball\/\" \/>\n<meta property=\"og:locale\" content=\"en_US\" \/>\n<meta property=\"og:type\" content=\"article\" \/>\n<meta property=\"og:title\" content=\"Fil d&#039;Ariane de l&#039;atonball - atonball.org\" \/>\n<meta property=\"og:description\" content=\"Atonball ou Threeball est un jeu qui met l\u2019accent sur la convergence dans les positions diff\u00e9rentes, un d\u00e9fi de conjonction, [&hellip;]\" \/>\n<meta property=\"og:url\" content=\"https:\/\/atonball.org\/index.php\/a-la-decouverte-de-latonball\/fil-dariane-de-latonball\/\" \/>\n<meta property=\"og:site_name\" content=\"atonball.org\" \/>\n<meta property=\"article:publisher\" content=\"https:\/\/www.facebook.com\/profile.php?id=100063710065600\" \/>\n<meta property=\"article:modified_time\" content=\"2023-05-09T20:21:14+00:00\" \/>\n<meta property=\"og:image\" content=\"https:\/\/atonball.org\/wp-content\/uploads\/2023\/05\/LogoBanniereFondEcran-e1683542195448.png\" \/>\n\t<meta property=\"og:image:width\" content=\"1500\" \/>\n\t<meta property=\"og:image:height\" content=\"547\" \/>\n\t<meta property=\"og:image:type\" content=\"image\/png\" \/>\n<meta name=\"twitter:card\" content=\"summary_large_image\" \/>\n<meta name=\"twitter:label1\" content=\"Est. reading time\" \/>\n\t<meta name=\"twitter:data1\" content=\"1 minute\" \/>\n<script type=\"application\/ld+json\" class=\"yoast-schema-graph\">{\"@context\":\"https:\/\/schema.org\",\"@graph\":[{\"@type\":\"WebPage\",\"@id\":\"https:\/\/atonball.org\/index.php\/a-la-decouverte-de-latonball\/fil-dariane-de-latonball\/\",\"url\":\"https:\/\/atonball.org\/index.php\/a-la-decouverte-de-latonball\/fil-dariane-de-latonball\/\",\"name\":\"Fil d'Ariane de l'atonball - atonball.org\",\"isPartOf\":{\"@id\":\"https:\/\/atonball.org\/#website\"},\"primaryImageOfPage\":{\"@id\":\"https:\/\/atonball.org\/index.php\/a-la-decouverte-de-latonball\/fil-dariane-de-latonball\/#primaryimage\"},\"image\":{\"@id\":\"https:\/\/atonball.org\/index.php\/a-la-decouverte-de-latonball\/fil-dariane-de-latonball\/#primaryimage\"},\"thumbnailUrl\":\"https:\/\/atonball.org\/wp-content\/uploads\/2023\/05\/LogoBanniereFondEcran-e1683542195448.png\",\"datePublished\":\"2023-05-06T08:41:54+00:00\",\"dateModified\":\"2023-05-09T20:21:14+00:00\",\"breadcrumb\":{\"@id\":\"https:\/\/atonball.org\/index.php\/a-la-decouverte-de-latonball\/fil-dariane-de-latonball\/#breadcrumb\"},\"inLanguage\":\"en-US\",\"potentialAction\":[{\"@type\":\"ReadAction\",\"target\":[\"https:\/\/atonball.org\/index.php\/a-la-decouverte-de-latonball\/fil-dariane-de-latonball\/\"]}]},{\"@type\":\"ImageObject\",\"inLanguage\":\"en-US\",\"@id\":\"https:\/\/atonball.org\/index.php\/a-la-decouverte-de-latonball\/fil-dariane-de-latonball\/#primaryimage\",\"url\":\"https:\/\/atonball.org\/wp-content\/uploads\/2023\/05\/LogoBanniereFondEcran-e1683542195448.png\",\"contentUrl\":\"https:\/\/atonball.org\/wp-content\/uploads\/2023\/05\/LogoBanniereFondEcran-e1683542195448.png\",\"width\":1500,\"height\":547,\"caption\":\"Atonball-Threeball\"},{\"@type\":\"BreadcrumbList\",\"@id\":\"https:\/\/atonball.org\/index.php\/a-la-decouverte-de-latonball\/fil-dariane-de-latonball\/#breadcrumb\",\"itemListElement\":[{\"@type\":\"ListItem\",\"position\":1,\"name\":\"Accueil\",\"item\":\"https:\/\/atonball.org\/\"},{\"@type\":\"ListItem\",\"position\":2,\"name\":\"A la d\u00e9couverte de l&rsquo;atonball\",\"item\":\"https:\/\/atonball.org\/index.php\/a-la-decouverte-de-latonball\/\"},{\"@type\":\"ListItem\",\"position\":3,\"name\":\"Fil d&rsquo;Ariane de l&rsquo;atonball\"}]},{\"@type\":\"WebSite\",\"@id\":\"https:\/\/atonball.org\/#website\",\"url\":\"https:\/\/atonball.org\/\",\"name\":\"atonball.org\",\"description\":\"A new world of sport \",\"publisher\":{\"@id\":\"https:\/\/atonball.org\/#organization\"},\"potentialAction\":[{\"@type\":\"SearchAction\",\"target\":{\"@type\":\"EntryPoint\",\"urlTemplate\":\"https:\/\/atonball.org\/?s={search_term_string}\"},\"query-input\":{\"@type\":\"PropertyValueSpecification\",\"valueRequired\":true,\"valueName\":\"search_term_string\"}}],\"inLanguage\":\"en-US\"},{\"@type\":\"Organization\",\"@id\":\"https:\/\/atonball.org\/#organization\",\"name\":\"atonball\",\"url\":\"https:\/\/atonball.org\/\",\"logo\":{\"@type\":\"ImageObject\",\"inLanguage\":\"en-US\",\"@id\":\"https:\/\/atonball.org\/#\/schema\/logo\/image\/\",\"url\":\"https:\/\/atonball.org\/wp-content\/uploads\/2023\/04\/cropped-cropped-atonball-logo3.png\",\"contentUrl\":\"https:\/\/atonball.org\/wp-content\/uploads\/2023\/04\/cropped-cropped-atonball-logo3.png\",\"width\":512,\"height\":345,\"caption\":\"atonball\"},\"image\":{\"@id\":\"https:\/\/atonball.org\/#\/schema\/logo\/image\/\"},\"sameAs\":[\"https:\/\/www.facebook.com\/profile.php?id=100063710065600\"]}]}<\/script>\n<!-- \/ Yoast SEO plugin. -->","yoast_head_json":{"title":"Fil d'Ariane de l'atonball - atonball.org","robots":{"index":"index","follow":"follow","max-snippet":"max-snippet:-1","max-image-preview":"max-image-preview:large","max-video-preview":"max-video-preview:-1"},"canonical":"https:\/\/atonball.org\/index.php\/a-la-decouverte-de-latonball\/fil-dariane-de-latonball\/","og_locale":"en_US","og_type":"article","og_title":"Fil d'Ariane de l'atonball - atonball.org","og_description":"Atonball ou Threeball est un jeu qui met l\u2019accent sur la convergence dans les positions diff\u00e9rentes, un d\u00e9fi de conjonction, [&hellip;]","og_url":"https:\/\/atonball.org\/index.php\/a-la-decouverte-de-latonball\/fil-dariane-de-latonball\/","og_site_name":"atonball.org","article_publisher":"https:\/\/www.facebook.com\/profile.php?id=100063710065600","article_modified_time":"2023-05-09T20:21:14+00:00","og_image":[{"width":1500,"height":547,"url":"https:\/\/atonball.org\/wp-content\/uploads\/2023\/05\/LogoBanniereFondEcran-e1683542195448.png","type":"image\/png"}],"twitter_card":"summary_large_image","twitter_misc":{"Est. reading time":"1 minute"},"schema":{"@context":"https:\/\/schema.org","@graph":[{"@type":"WebPage","@id":"https:\/\/atonball.org\/index.php\/a-la-decouverte-de-latonball\/fil-dariane-de-latonball\/","url":"https:\/\/atonball.org\/index.php\/a-la-decouverte-de-latonball\/fil-dariane-de-latonball\/","name":"Fil d'Ariane de l'atonball - atonball.org","isPartOf":{"@id":"https:\/\/atonball.org\/#website"},"primaryImageOfPage":{"@id":"https:\/\/atonball.org\/index.php\/a-la-decouverte-de-latonball\/fil-dariane-de-latonball\/#primaryimage"},"image":{"@id":"https:\/\/atonball.org\/index.php\/a-la-decouverte-de-latonball\/fil-dariane-de-latonball\/#primaryimage"},"thumbnailUrl":"https:\/\/atonball.org\/wp-content\/uploads\/2023\/05\/LogoBanniereFondEcran-e1683542195448.png","datePublished":"2023-05-06T08:41:54+00:00","dateModified":"2023-05-09T20:21:14+00:00","breadcrumb":{"@id":"https:\/\/atonball.org\/index.php\/a-la-decouverte-de-latonball\/fil-dariane-de-latonball\/#breadcrumb"},"inLanguage":"en-US","potentialAction":[{"@type":"ReadAction","target":["https:\/\/atonball.org\/index.php\/a-la-decouverte-de-latonball\/fil-dariane-de-latonball\/"]}]},{"@type":"ImageObject","inLanguage":"en-US","@id":"https:\/\/atonball.org\/index.php\/a-la-decouverte-de-latonball\/fil-dariane-de-latonball\/#primaryimage","url":"https:\/\/atonball.org\/wp-content\/uploads\/2023\/05\/LogoBanniereFondEcran-e1683542195448.png","contentUrl":"https:\/\/atonball.org\/wp-content\/uploads\/2023\/05\/LogoBanniereFondEcran-e1683542195448.png","width":1500,"height":547,"caption":"Atonball-Threeball"},{"@type":"BreadcrumbList","@id":"https:\/\/atonball.org\/index.php\/a-la-decouverte-de-latonball\/fil-dariane-de-latonball\/#breadcrumb","itemListElement":[{"@type":"ListItem","position":1,"name":"Accueil","item":"https:\/\/atonball.org\/"},{"@type":"ListItem","position":2,"name":"A la d\u00e9couverte de l&rsquo;atonball","item":"https:\/\/atonball.org\/index.php\/a-la-decouverte-de-latonball\/"},{"@type":"ListItem","position":3,"name":"Fil d&rsquo;Ariane de l&rsquo;atonball"}]},{"@type":"WebSite","@id":"https:\/\/atonball.org\/#website","url":"https:\/\/atonball.org\/","name":"atonball.org","description":"A new world of sport ","publisher":{"@id":"https:\/\/atonball.org\/#organization"},"potentialAction":[{"@type":"SearchAction","target":{"@type":"EntryPoint","urlTemplate":"https:\/\/atonball.org\/?s={search_term_string}"},"query-input":{"@type":"PropertyValueSpecification","valueRequired":true,"valueName":"search_term_string"}}],"inLanguage":"en-US"},{"@type":"Organization","@id":"https:\/\/atonball.org\/#organization","name":"atonball","url":"https:\/\/atonball.org\/","logo":{"@type":"ImageObject","inLanguage":"en-US","@id":"https:\/\/atonball.org\/#\/schema\/logo\/image\/","url":"https:\/\/atonball.org\/wp-content\/uploads\/2023\/04\/cropped-cropped-atonball-logo3.png","contentUrl":"https:\/\/atonball.org\/wp-content\/uploads\/2023\/04\/cropped-cropped-atonball-logo3.png","width":512,"height":345,"caption":"atonball"},"image":{"@id":"https:\/\/atonball.org\/#\/schema\/logo\/image\/"},"sameAs":["https:\/\/www.facebook.com\/profile.php?id=100063710065600"]}]}},"uagb_featured_image_src":{"full":["https:\/\/atonball.org\/wp-content\/uploads\/2023\/05\/LogoBanniereFondEcran-e1683542195448.png",1500,547,false],"thumbnail":["https:\/\/atonball.org\/wp-content\/uploads\/2023\/05\/LogoBanniereFondEcran-e1683542195448-150x150.png",150,150,true],"medium":["https:\/\/atonball.org\/wp-content\/uploads\/2023\/05\/LogoBanniereFondEcran-e1683542195448-300x109.png",300,109,true],"medium_large":["https:\/\/atonball.org\/wp-content\/uploads\/2023\/05\/LogoBanniereFondEcran-e1683542195448-768x280.png",768,280,true],"large":["https:\/\/atonball.org\/wp-content\/uploads\/2023\/05\/LogoBanniereFondEcran-e1683542195448-1024x373.png",1024,373,true],"post-slider-thumb-size":["https:\/\/atonball.org\/wp-content\/uploads\/2023\/05\/LogoBanniereFondEcran-e1683542195448-330x190.png",330,190,true],"1536x1536":["https:\/\/atonball.org\/wp-content\/uploads\/2023\/05\/LogoBanniereFondEcran-1536x827.png",1536,827,true],"2048x2048":["https:\/\/atonball.org\/wp-content\/uploads\/2023\/05\/LogoBanniereFondEcran-e1683542195448.png",1500,547,false],"post-thumbnail":["https:\/\/atonball.org\/wp-content\/uploads\/2023\/05\/LogoBanniereFondEcran-e1683541665621-1420x765.png",1420,765,true],"tzwb-thumbnail":["https:\/\/atonball.org\/wp-content\/uploads\/2023\/05\/LogoBanniereFondEcran-e1683542195448-80x80.png",80,80,true]},"uagb_author_info":{"display_name":"Concepteur","author_link":"https:\/\/atonball.org\/index.php\/author\/moclaimg14gmail-com\/"},"uagb_comment_info":0,"uagb_excerpt":"Atonball ou Threeball est un jeu qui met l\u2019accent sur la convergence dans les positions diff\u00e9rentes, un d\u00e9fi de conjonction, [&hellip;]","_links":{"self":[{"href":"https:\/\/atonball.org\/index.php\/wp-json\/wp\/v2\/pages\/168","targetHints":{"allow":["GET"]}}],"collection":[{"href":"https:\/\/atonball.org\/index.php\/wp-json\/wp\/v2\/pages"}],"about":[{"href":"https:\/\/atonball.org\/index.php\/wp-json\/wp\/v2\/types\/page"}],"author":[{"embeddable":true,"href":"https:\/\/atonball.org\/index.php\/wp-json\/wp\/v2\/users\/1"}],"replies":[{"embeddable":true,"href":"https:\/\/atonball.org\/index.php\/wp-json\/wp\/v2\/comments?post=168"}],"version-history":[{"count":7,"href":"https:\/\/atonball.org\/index.php\/wp-json\/wp\/v2\/pages\/168\/revisions"}],"predecessor-version":[{"id":291,"href":"https:\/\/atonball.org\/index.php\/wp-json\/wp\/v2\/pages\/168\/revisions\/291"}],"up":[{"embeddable":true,"href":"https:\/\/atonball.org\/index.php\/wp-json\/wp\/v2\/pages\/27"}],"wp:featuredmedia":[{"embeddable":true,"href":"https:\/\/atonball.org\/index.php\/wp-json\/wp\/v2\/media\/198"}],"wp:attachment":[{"href":"https:\/\/atonball.org\/index.php\/wp-json\/wp\/v2\/media?parent=168"}],"curies":[{"name":"wp","href":"https:\/\/api.w.org\/{rel}","templated":true}]}}