{"id":172,"date":"2023-05-06T11:00:30","date_gmt":"2023-05-06T09:00:30","guid":{"rendered":"https:\/\/atonball.org\/?page_id=172"},"modified":"2023-05-20T18:42:41","modified_gmt":"2023-05-20T16:42:41","slug":"terrain-lexical-de-latonball","status":"publish","type":"page","link":"https:\/\/atonball.org\/index.php\/accueil\/terrain-lexical-de-latonball\/","title":{"rendered":"Terrain lexical de l&#8217;atonball"},"content":{"rendered":"\t\t<div data-elementor-type=\"wp-page\" data-elementor-id=\"172\" class=\"elementor elementor-172\">\n\t\t\t\t\t\t<section class=\"elementor-section elementor-top-section elementor-element elementor-element-1ea42cc1 elementor-section-boxed elementor-section-height-default elementor-section-height-default\" data-id=\"1ea42cc1\" data-element_type=\"section\" data-e-type=\"section\">\n\t\t\t\t\t\t<div class=\"elementor-container elementor-column-gap-default\">\n\t\t\t\t\t<div class=\"elementor-column elementor-col-100 elementor-top-column elementor-element elementor-element-e4b8f53\" data-id=\"e4b8f53\" data-element_type=\"column\" data-e-type=\"column\">\n\t\t\t<div class=\"elementor-widget-wrap elementor-element-populated\">\n\t\t\t\t\t\t<div class=\"elementor-element elementor-element-1129499e elementor-drop-cap-yes elementor-widget__width-initial elementor-drop-cap-view-default elementor-widget elementor-widget-text-editor\" data-id=\"1129499e\" data-element_type=\"widget\" data-e-type=\"widget\" data-settings=\"{&quot;drop_cap&quot;:&quot;yes&quot;}\" data-widget_type=\"text-editor.default\">\n\t\t\t\t<div class=\"elementor-widget-container\">\n\t\t\t\t\t\t\t\t\t<p>\n&#8211; Abol (r\u00e8gle 54)\n<\/p>\n&#8211; Actol (r\u00e8gle 51)\n<\/p>\n&#8211; Arr\u00eat de contr\u00f4le (r\u00e8gle 70)\n<\/p>\n&#8211; Arr\u00eat de relance (r\u00e8gle 70)\n<\/p>\n&#8211; Arr\u00eat de soins rapides (r\u00e8gle 70)\n<\/p>\n&#8211; Camp d\u2019objectifs (r\u00e8gle 23)\n<\/p>\n&#8211; Campeur (r\u00e8gle 43)\n<\/p>\n&#8211; Cartes de ballon (r\u00e8gle 67)\n<\/p>\n&#8211; Changement de joueurs (r\u00e8gle 81)\n<\/p>\n&#8211; Contournement (r\u00e8gle 76)\n<\/p>\n&#8211; Correcteur (r\u00e8gle 60)\n<\/p>\n&#8211; Correcteur central (r\u00e8gle 61)\n<\/p>\n&#8211; Correcteur principal (r\u00e8gle 62)\n<\/p>\n&#8211; Correcteur secondaire (r\u00e8gle 63)\n<\/p>\n&#8211; Coup d\u2019objectifs (r\u00e8gle 28)\n<\/p>\n&#8211; Cycle des objectifs (r\u00e8gle 4)\n<\/p>\n&#8211; Cylindres (du filet tricolore) (r\u00e8gle 35)\n<\/p>\n&#8211; Factol (r\u00e8gle 57)\n<\/p>\n&#8211; Filet tricolore (r\u00e8gle 35)\n<\/p>\n&#8211; Intrusion passive (p\u00e9nalit\u00e9 d\u2019activation d\u2019intrusion) (r\u00e8gle 76)\n<\/p>\n&#8211; Joueur C (r\u00e8gle 45)\n<\/p>\n&#8211; Joueur L (r\u00e8gle 49)\n<\/p>\n&#8211; Joueur W (r\u00e8gle 41)\n<\/p>\n&#8211; Ligne d\u2019objectif (r\u00e8gle 21)\n<\/p>\n&#8211; Ligne de sortie (r\u00e8gle 7)\n<\/p>\n&#8211; Ligne secondaire (r\u00e8gle 7)\n<\/p>\n&#8211; Ligne W, Working line (r\u00e8gle 20)\n<\/p>\n&#8211; M\u00e9tronome (r\u00e8gle 47)\n<\/p>\n&#8211; Mouvement d\u2019\u00e9quipe (r\u00e8gle 79)\n<\/p>\n&#8211; Niveau air (du camp d\u2019objectifs) (r\u00e8gle 24)\n<\/p>\n&#8211; Niveau ciel (r\u00e8gle 24)\n<\/p>\n&#8211; Niveau sol (r\u00e8gle 24)\n<\/p>\n&#8211; Objectifs de comp\u00e9tition (r\u00e8gle 4)\n<\/p>\n&#8211; Objectifs de jeu (r\u00e8gles 5, 28)\n<\/p>\n&#8211; P\u00e9nalit\u00e9 d\u2019ajout de trois (3) points (r\u00e8gle 76)\n<\/p>\n&#8211; P\u00e9nalit\u00e9 de retrait de trois (3) points (r\u00e8gle 76)\n<\/p>\n&#8211; P\u00e9nalit\u00e9 de score (r\u00e8gle 76)\n<\/p>\n&#8211; P\u00e9nalit\u00e9 de tirs (r\u00e8gle 76)\n<\/p>\n&#8211; R\u00e8glement ATBA (r\u00e8gle 85)\n<\/p>\n&#8211; Remplacement de joueurs (r\u00e8gle 80)\n<\/p>\n&#8211; R\u00e9serves (r\u00e8gle 78)\n<\/p>\n&#8211; Surface triangle (r\u00e8gle 9)\n<\/p>\n&#8211; Temps additionnel de jeu (r\u00e8gle 70)\n<\/p>\n&#8211; Temps de relance (r\u00e8gle 70)\n<\/p>\n&#8211; Temps normal de jeu (r\u00e8gle 70)\n<\/p>\n&#8211; Toit (r\u00e8gle 23)\n<\/p>\n&#8211; Zone centrale (r\u00e8gle 12)\n<\/p>\n&#8211; Zone de marquage actif (r\u00e8gles 32, 33)\n<\/p>\n&#8211; Zone de marquage passif (r\u00e8gles 32, 33)\n<\/p>\n&#8211; Zone du m\u00e2t (r\u00e8gles 32, 33)\n<\/p>\n&#8211; Zone libre (r\u00e8gles 32, 33)\n<\/p>\n&#8211; Zone W (r\u00e8gle 12)\n\t\t\t\t\t\t\t\t<\/div>\n\t\t\t\t<\/div>\n\t\t\t\t\t<\/div>\n\t\t<\/div>\n\t\t\t\t\t<\/div>\n\t\t<\/section>\n\t\t\t\t<\/div>\n\t\t","protected":false},"excerpt":{"rendered":"<p>&#8211; Abol (r\u00e8gle 54) &#8211; Actol (r\u00e8gle 51) &#8211; Arr\u00eat de contr\u00f4le (r\u00e8gle 70) &#8211; Arr\u00eat de relance (r\u00e8gle 70) [&hellip;]<\/p>\n","protected":false},"author":1,"featured_media":21,"parent":47,"menu_order":2,"comment_status":"closed","ping_status":"closed","template":"","meta":{"_uag_custom_page_level_css":"","footnotes":""},"class_list":["post-172","page","type-page","status-publish","has-post-thumbnail","hentry"],"yoast_head":"<!-- This site is optimized with the Yoast SEO plugin v27.0 - https:\/\/yoast.com\/product\/yoast-seo-wordpress\/ -->\n<title>Terrain lexical de l&#039;atonball - atonball.org<\/title>\n<meta name=\"robots\" content=\"index, follow, max-snippet:-1, max-image-preview:large, max-video-preview:-1\" \/>\n<link rel=\"canonical\" href=\"https:\/\/atonball.org\/index.php\/accueil\/terrain-lexical-de-latonball\/\" \/>\n<meta property=\"og:locale\" content=\"en_US\" \/>\n<meta property=\"og:type\" content=\"article\" \/>\n<meta property=\"og:title\" content=\"Terrain lexical de l&#039;atonball - atonball.org\" \/>\n<meta property=\"og:description\" content=\"&#8211; Abol (r\u00e8gle 54) &#8211; Actol (r\u00e8gle 51) &#8211; Arr\u00eat de contr\u00f4le (r\u00e8gle 70) &#8211; Arr\u00eat de relance (r\u00e8gle 70) [&hellip;]\" \/>\n<meta property=\"og:url\" content=\"https:\/\/atonball.org\/index.php\/accueil\/terrain-lexical-de-latonball\/\" \/>\n<meta property=\"og:site_name\" content=\"atonball.org\" \/>\n<meta property=\"article:publisher\" content=\"https:\/\/www.facebook.com\/profile.php?id=100063710065600\" \/>\n<meta property=\"article:modified_time\" content=\"2023-05-20T16:42:41+00:00\" \/>\n<meta property=\"og:image\" content=\"https:\/\/atonball.org\/wp-content\/uploads\/2023\/04\/cropped-TerrainLogo-e1683541454258.png\" \/>\n\t<meta property=\"og:image:width\" content=\"200\" \/>\n\t<meta property=\"og:image:height\" content=\"81\" \/>\n\t<meta property=\"og:image:type\" content=\"image\/png\" \/>\n<meta name=\"twitter:card\" content=\"summary_large_image\" \/>\n<meta name=\"twitter:label1\" content=\"Est. reading time\" \/>\n\t<meta name=\"twitter:data1\" content=\"2 minutes\" \/>\n<script type=\"application\/ld+json\" class=\"yoast-schema-graph\">{\"@context\":\"https:\/\/schema.org\",\"@graph\":[{\"@type\":\"WebPage\",\"@id\":\"https:\/\/atonball.org\/index.php\/accueil\/terrain-lexical-de-latonball\/\",\"url\":\"https:\/\/atonball.org\/index.php\/accueil\/terrain-lexical-de-latonball\/\",\"name\":\"Terrain lexical de l'atonball - atonball.org\",\"isPartOf\":{\"@id\":\"https:\/\/atonball.org\/#website\"},\"primaryImageOfPage\":{\"@id\":\"https:\/\/atonball.org\/index.php\/accueil\/terrain-lexical-de-latonball\/#primaryimage\"},\"image\":{\"@id\":\"https:\/\/atonball.org\/index.php\/accueil\/terrain-lexical-de-latonball\/#primaryimage\"},\"thumbnailUrl\":\"https:\/\/atonball.org\/wp-content\/uploads\/2023\/04\/cropped-TerrainLogo-e1683541454258.png\",\"datePublished\":\"2023-05-06T09:00:30+00:00\",\"dateModified\":\"2023-05-20T16:42:41+00:00\",\"breadcrumb\":{\"@id\":\"https:\/\/atonball.org\/index.php\/accueil\/terrain-lexical-de-latonball\/#breadcrumb\"},\"inLanguage\":\"en-US\",\"potentialAction\":[{\"@type\":\"ReadAction\",\"target\":[\"https:\/\/atonball.org\/index.php\/accueil\/terrain-lexical-de-latonball\/\"]}]},{\"@type\":\"ImageObject\",\"inLanguage\":\"en-US\",\"@id\":\"https:\/\/atonball.org\/index.php\/accueil\/terrain-lexical-de-latonball\/#primaryimage\",\"url\":\"https:\/\/atonball.org\/wp-content\/uploads\/2023\/04\/cropped-TerrainLogo-e1683541454258.png\",\"contentUrl\":\"https:\/\/atonball.org\/wp-content\/uploads\/2023\/04\/cropped-TerrainLogo-e1683541454258.png\",\"width\":200,\"height\":81},{\"@type\":\"BreadcrumbList\",\"@id\":\"https:\/\/atonball.org\/index.php\/accueil\/terrain-lexical-de-latonball\/#breadcrumb\",\"itemListElement\":[{\"@type\":\"ListItem\",\"position\":1,\"name\":\"Accueil\",\"item\":\"https:\/\/atonball.org\/\"},{\"@type\":\"ListItem\",\"position\":2,\"name\":\"Accueil\",\"item\":\"https:\/\/atonball.org\/\"},{\"@type\":\"ListItem\",\"position\":3,\"name\":\"Terrain lexical de l&rsquo;atonball\"}]},{\"@type\":\"WebSite\",\"@id\":\"https:\/\/atonball.org\/#website\",\"url\":\"https:\/\/atonball.org\/\",\"name\":\"atonball.org\",\"description\":\"A new world of sport \",\"publisher\":{\"@id\":\"https:\/\/atonball.org\/#organization\"},\"potentialAction\":[{\"@type\":\"SearchAction\",\"target\":{\"@type\":\"EntryPoint\",\"urlTemplate\":\"https:\/\/atonball.org\/?s={search_term_string}\"},\"query-input\":{\"@type\":\"PropertyValueSpecification\",\"valueRequired\":true,\"valueName\":\"search_term_string\"}}],\"inLanguage\":\"en-US\"},{\"@type\":\"Organization\",\"@id\":\"https:\/\/atonball.org\/#organization\",\"name\":\"atonball\",\"url\":\"https:\/\/atonball.org\/\",\"logo\":{\"@type\":\"ImageObject\",\"inLanguage\":\"en-US\",\"@id\":\"https:\/\/atonball.org\/#\/schema\/logo\/image\/\",\"url\":\"https:\/\/atonball.org\/wp-content\/uploads\/2023\/04\/cropped-cropped-atonball-logo3.png\",\"contentUrl\":\"https:\/\/atonball.org\/wp-content\/uploads\/2023\/04\/cropped-cropped-atonball-logo3.png\",\"width\":512,\"height\":345,\"caption\":\"atonball\"},\"image\":{\"@id\":\"https:\/\/atonball.org\/#\/schema\/logo\/image\/\"},\"sameAs\":[\"https:\/\/www.facebook.com\/profile.php?id=100063710065600\"]}]}<\/script>\n<!-- \/ Yoast SEO plugin. -->","yoast_head_json":{"title":"Terrain lexical de l'atonball - atonball.org","robots":{"index":"index","follow":"follow","max-snippet":"max-snippet:-1","max-image-preview":"max-image-preview:large","max-video-preview":"max-video-preview:-1"},"canonical":"https:\/\/atonball.org\/index.php\/accueil\/terrain-lexical-de-latonball\/","og_locale":"en_US","og_type":"article","og_title":"Terrain lexical de l'atonball - atonball.org","og_description":"&#8211; Abol (r\u00e8gle 54) &#8211; Actol (r\u00e8gle 51) &#8211; Arr\u00eat de contr\u00f4le (r\u00e8gle 70) &#8211; Arr\u00eat de relance (r\u00e8gle 70) [&hellip;]","og_url":"https:\/\/atonball.org\/index.php\/accueil\/terrain-lexical-de-latonball\/","og_site_name":"atonball.org","article_publisher":"https:\/\/www.facebook.com\/profile.php?id=100063710065600","article_modified_time":"2023-05-20T16:42:41+00:00","og_image":[{"width":200,"height":81,"url":"https:\/\/atonball.org\/wp-content\/uploads\/2023\/04\/cropped-TerrainLogo-e1683541454258.png","type":"image\/png"}],"twitter_card":"summary_large_image","twitter_misc":{"Est. reading time":"2 minutes"},"schema":{"@context":"https:\/\/schema.org","@graph":[{"@type":"WebPage","@id":"https:\/\/atonball.org\/index.php\/accueil\/terrain-lexical-de-latonball\/","url":"https:\/\/atonball.org\/index.php\/accueil\/terrain-lexical-de-latonball\/","name":"Terrain lexical de l'atonball - atonball.org","isPartOf":{"@id":"https:\/\/atonball.org\/#website"},"primaryImageOfPage":{"@id":"https:\/\/atonball.org\/index.php\/accueil\/terrain-lexical-de-latonball\/#primaryimage"},"image":{"@id":"https:\/\/atonball.org\/index.php\/accueil\/terrain-lexical-de-latonball\/#primaryimage"},"thumbnailUrl":"https:\/\/atonball.org\/wp-content\/uploads\/2023\/04\/cropped-TerrainLogo-e1683541454258.png","datePublished":"2023-05-06T09:00:30+00:00","dateModified":"2023-05-20T16:42:41+00:00","breadcrumb":{"@id":"https:\/\/atonball.org\/index.php\/accueil\/terrain-lexical-de-latonball\/#breadcrumb"},"inLanguage":"en-US","potentialAction":[{"@type":"ReadAction","target":["https:\/\/atonball.org\/index.php\/accueil\/terrain-lexical-de-latonball\/"]}]},{"@type":"ImageObject","inLanguage":"en-US","@id":"https:\/\/atonball.org\/index.php\/accueil\/terrain-lexical-de-latonball\/#primaryimage","url":"https:\/\/atonball.org\/wp-content\/uploads\/2023\/04\/cropped-TerrainLogo-e1683541454258.png","contentUrl":"https:\/\/atonball.org\/wp-content\/uploads\/2023\/04\/cropped-TerrainLogo-e1683541454258.png","width":200,"height":81},{"@type":"BreadcrumbList","@id":"https:\/\/atonball.org\/index.php\/accueil\/terrain-lexical-de-latonball\/#breadcrumb","itemListElement":[{"@type":"ListItem","position":1,"name":"Accueil","item":"https:\/\/atonball.org\/"},{"@type":"ListItem","position":2,"name":"Accueil","item":"https:\/\/atonball.org\/"},{"@type":"ListItem","position":3,"name":"Terrain lexical de l&rsquo;atonball"}]},{"@type":"WebSite","@id":"https:\/\/atonball.org\/#website","url":"https:\/\/atonball.org\/","name":"atonball.org","description":"A new world of sport ","publisher":{"@id":"https:\/\/atonball.org\/#organization"},"potentialAction":[{"@type":"SearchAction","target":{"@type":"EntryPoint","urlTemplate":"https:\/\/atonball.org\/?s={search_term_string}"},"query-input":{"@type":"PropertyValueSpecification","valueRequired":true,"valueName":"search_term_string"}}],"inLanguage":"en-US"},{"@type":"Organization","@id":"https:\/\/atonball.org\/#organization","name":"atonball","url":"https:\/\/atonball.org\/","logo":{"@type":"ImageObject","inLanguage":"en-US","@id":"https:\/\/atonball.org\/#\/schema\/logo\/image\/","url":"https:\/\/atonball.org\/wp-content\/uploads\/2023\/04\/cropped-cropped-atonball-logo3.png","contentUrl":"https:\/\/atonball.org\/wp-content\/uploads\/2023\/04\/cropped-cropped-atonball-logo3.png","width":512,"height":345,"caption":"atonball"},"image":{"@id":"https:\/\/atonball.org\/#\/schema\/logo\/image\/"},"sameAs":["https:\/\/www.facebook.com\/profile.php?id=100063710065600"]}]}},"uagb_featured_image_src":{"full":["https:\/\/atonball.org\/wp-content\/uploads\/2023\/04\/cropped-TerrainLogo-e1683541454258.png",200,81,false],"thumbnail":["https:\/\/atonball.org\/wp-content\/uploads\/2023\/04\/cropped-TerrainLogo-e1683541454258-150x81.png",150,81,true],"medium":["https:\/\/atonball.org\/wp-content\/uploads\/2023\/04\/cropped-TerrainLogo-300x122.png",300,122,true],"medium_large":["https:\/\/atonball.org\/wp-content\/uploads\/2023\/04\/cropped-TerrainLogo-768x312.png",768,312,true],"large":["https:\/\/atonball.org\/wp-content\/uploads\/2023\/04\/cropped-TerrainLogo-1024x416.png",1024,416,true],"post-slider-thumb-size":["https:\/\/atonball.org\/wp-content\/uploads\/2023\/04\/cropped-TerrainLogo-330x190.png",330,190,true],"1536x1536":["https:\/\/atonball.org\/wp-content\/uploads\/2023\/04\/cropped-TerrainLogo-1536x624.png",1536,624,true],"2048x2048":["https:\/\/atonball.org\/wp-content\/uploads\/2023\/04\/cropped-TerrainLogo-e1683541454258.png",200,81,false],"post-thumbnail":["https:\/\/atonball.org\/wp-content\/uploads\/2023\/04\/cropped-TerrainLogo-e1683541454258.png",200,81,false],"tzwb-thumbnail":["https:\/\/atonball.org\/wp-content\/uploads\/2023\/04\/cropped-TerrainLogo-e1683541454258-80x80.png",80,80,true]},"uagb_author_info":{"display_name":"Concepteur","author_link":"https:\/\/atonball.org\/index.php\/author\/moclaimg14gmail-com\/"},"uagb_comment_info":0,"uagb_excerpt":"&#8211; Abol (r\u00e8gle 54) &#8211; Actol (r\u00e8gle 51) &#8211; Arr\u00eat de contr\u00f4le (r\u00e8gle 70) &#8211; Arr\u00eat de relance (r\u00e8gle 70) [&hellip;]","_links":{"self":[{"href":"https:\/\/atonball.org\/index.php\/wp-json\/wp\/v2\/pages\/172","targetHints":{"allow":["GET"]}}],"collection":[{"href":"https:\/\/atonball.org\/index.php\/wp-json\/wp\/v2\/pages"}],"about":[{"href":"https:\/\/atonball.org\/index.php\/wp-json\/wp\/v2\/types\/page"}],"author":[{"embeddable":true,"href":"https:\/\/atonball.org\/index.php\/wp-json\/wp\/v2\/users\/1"}],"replies":[{"embeddable":true,"href":"https:\/\/atonball.org\/index.php\/wp-json\/wp\/v2\/comments?post=172"}],"version-history":[{"count":28,"href":"https:\/\/atonball.org\/index.php\/wp-json\/wp\/v2\/pages\/172\/revisions"}],"predecessor-version":[{"id":490,"href":"https:\/\/atonball.org\/index.php\/wp-json\/wp\/v2\/pages\/172\/revisions\/490"}],"up":[{"embeddable":true,"href":"https:\/\/atonball.org\/index.php\/wp-json\/wp\/v2\/pages\/47"}],"wp:featuredmedia":[{"embeddable":true,"href":"https:\/\/atonball.org\/index.php\/wp-json\/wp\/v2\/media\/21"}],"wp:attachment":[{"href":"https:\/\/atonball.org\/index.php\/wp-json\/wp\/v2\/media?parent=172"}],"curies":[{"name":"wp","href":"https:\/\/api.w.org\/{rel}","templated":true}]}}