{"id":174,"date":"2023-05-06T11:09:54","date_gmt":"2023-05-06T09:09:54","guid":{"rendered":"https:\/\/atonball.org\/?page_id=174"},"modified":"2023-05-13T14:23:15","modified_gmt":"2023-05-13T12:23:15","slug":"les-projets-atonball","status":"publish","type":"page","link":"https:\/\/atonball.org\/index.php\/les-projets-atonball\/","title":{"rendered":"Les projets atonball"},"content":{"rendered":"\t\t<div data-elementor-type=\"wp-page\" data-elementor-id=\"174\" class=\"elementor elementor-174\">\n\t\t\t\t\t\t<section class=\"elementor-section elementor-top-section elementor-element elementor-element-2ab3cc15 elementor-section-boxed elementor-section-height-default elementor-section-height-default\" data-id=\"2ab3cc15\" data-element_type=\"section\" data-e-type=\"section\">\n\t\t\t\t\t\t<div class=\"elementor-container elementor-column-gap-default\">\n\t\t\t\t\t<div class=\"elementor-column elementor-col-100 elementor-top-column elementor-element elementor-element-76da9bb8\" data-id=\"76da9bb8\" data-element_type=\"column\" data-e-type=\"column\">\n\t\t\t<div class=\"elementor-widget-wrap elementor-element-populated\">\n\t\t\t\t\t\t<div class=\"elementor-element elementor-element-4faa76d5 elementor-widget__width-inherit elementor-widget elementor-widget-text-editor\" data-id=\"4faa76d5\" data-element_type=\"widget\" data-e-type=\"widget\" data-widget_type=\"text-editor.default\">\n\t\t\t\t<div class=\"elementor-widget-container\">\n\t\t\t\t\t\t\t\t\t<p>\n\u2713 Lancement de l\u2019entit\u00e9 de promotion : l\u2019APSA ;\n<\/p>\n\u2713 Lancement des plateformes de formation d\u2019officiels ;\n<\/p>\n\u2713 Extension et intensification des pratique en amateur et en professionnel ;\n<\/p>\n\u2713 Construction du premier terrain aux normes ATBA ;\n<\/p>\n\u2713 D\u00e9veloppement des partenariats ;\n<\/p>\n\u2713 Cr\u00e9ation du centre acad\u00e9mique d\u00e9di\u00e9 ;\n<\/p>\n\u2713 Structuration de la communaut\u00e9 Atonball ;\n<\/p>\n\u2713 Autres projets.\n<\/p>\t\t\t\t\t\t\t\t<\/div>\n\t\t\t\t<\/div>\n\t\t\t\t\t<\/div>\n\t\t<\/div>\n\t\t\t\t\t<\/div>\n\t\t<\/section>\n\t\t\t\t<\/div>\n\t\t","protected":false},"excerpt":{"rendered":"<p>\u2713 Lancement de l\u2019entit\u00e9 de promotion : l\u2019APSA ; \u2713 Lancement des plateformes de formation d\u2019officiels ; \u2713 Extension et [&hellip;]<\/p>\n","protected":false},"author":1,"featured_media":39,"parent":0,"menu_order":3,"comment_status":"closed","ping_status":"closed","template":"","meta":{"_uag_custom_page_level_css":"","footnotes":""},"class_list":["post-174","page","type-page","status-publish","has-post-thumbnail","hentry"],"yoast_head":"<!-- This site is optimized with the Yoast SEO plugin v27.0 - https:\/\/yoast.com\/product\/yoast-seo-wordpress\/ -->\n<title>Les projets atonball - atonball.org<\/title>\n<meta name=\"robots\" content=\"index, follow, max-snippet:-1, max-image-preview:large, max-video-preview:-1\" \/>\n<link rel=\"canonical\" href=\"https:\/\/atonball.org\/index.php\/les-projets-atonball\/\" \/>\n<meta property=\"og:locale\" content=\"en_US\" \/>\n<meta property=\"og:type\" content=\"article\" \/>\n<meta property=\"og:title\" content=\"Les projets atonball - atonball.org\" \/>\n<meta property=\"og:description\" content=\"\u2713 Lancement de l\u2019entit\u00e9 de promotion : l\u2019APSA ; \u2713 Lancement des plateformes de formation d\u2019officiels ; \u2713 Extension et [&hellip;]\" \/>\n<meta property=\"og:url\" content=\"https:\/\/atonball.org\/index.php\/les-projets-atonball\/\" \/>\n<meta property=\"og:site_name\" content=\"atonball.org\" \/>\n<meta property=\"article:publisher\" content=\"https:\/\/www.facebook.com\/profile.php?id=100063710065600\" \/>\n<meta property=\"article:modified_time\" content=\"2023-05-13T12:23:15+00:00\" \/>\n<meta property=\"og:image\" content=\"https:\/\/atonball.org\/wp-content\/uploads\/2023\/04\/2-atonball-logo2-m2.png\" \/>\n\t<meta property=\"og:image:width\" content=\"534\" \/>\n\t<meta property=\"og:image:height\" content=\"490\" \/>\n\t<meta property=\"og:image:type\" content=\"image\/png\" \/>\n<meta name=\"twitter:card\" content=\"summary_large_image\" \/>\n<meta name=\"twitter:label1\" content=\"Est. reading time\" \/>\n\t<meta name=\"twitter:data1\" content=\"1 minute\" \/>\n<script type=\"application\/ld+json\" class=\"yoast-schema-graph\">{\"@context\":\"https:\/\/schema.org\",\"@graph\":[{\"@type\":\"WebPage\",\"@id\":\"https:\/\/atonball.org\/index.php\/les-projets-atonball\/\",\"url\":\"https:\/\/atonball.org\/index.php\/les-projets-atonball\/\",\"name\":\"Les projets atonball - atonball.org\",\"isPartOf\":{\"@id\":\"https:\/\/atonball.org\/#website\"},\"primaryImageOfPage\":{\"@id\":\"https:\/\/atonball.org\/index.php\/les-projets-atonball\/#primaryimage\"},\"image\":{\"@id\":\"https:\/\/atonball.org\/index.php\/les-projets-atonball\/#primaryimage\"},\"thumbnailUrl\":\"https:\/\/atonball.org\/wp-content\/uploads\/2023\/04\/2-atonball-logo2-m2.png\",\"datePublished\":\"2023-05-06T09:09:54+00:00\",\"dateModified\":\"2023-05-13T12:23:15+00:00\",\"breadcrumb\":{\"@id\":\"https:\/\/atonball.org\/index.php\/les-projets-atonball\/#breadcrumb\"},\"inLanguage\":\"en-US\",\"potentialAction\":[{\"@type\":\"ReadAction\",\"target\":[\"https:\/\/atonball.org\/index.php\/les-projets-atonball\/\"]}]},{\"@type\":\"ImageObject\",\"inLanguage\":\"en-US\",\"@id\":\"https:\/\/atonball.org\/index.php\/les-projets-atonball\/#primaryimage\",\"url\":\"https:\/\/atonball.org\/wp-content\/uploads\/2023\/04\/2-atonball-logo2-m2.png\",\"contentUrl\":\"https:\/\/atonball.org\/wp-content\/uploads\/2023\/04\/2-atonball-logo2-m2.png\",\"width\":534,\"height\":490,\"caption\":\"Trois joueurs et ballons\"},{\"@type\":\"BreadcrumbList\",\"@id\":\"https:\/\/atonball.org\/index.php\/les-projets-atonball\/#breadcrumb\",\"itemListElement\":[{\"@type\":\"ListItem\",\"position\":1,\"name\":\"Accueil\",\"item\":\"https:\/\/atonball.org\/\"},{\"@type\":\"ListItem\",\"position\":2,\"name\":\"Les projets atonball\"}]},{\"@type\":\"WebSite\",\"@id\":\"https:\/\/atonball.org\/#website\",\"url\":\"https:\/\/atonball.org\/\",\"name\":\"atonball.org\",\"description\":\"A new world of sport \",\"publisher\":{\"@id\":\"https:\/\/atonball.org\/#organization\"},\"potentialAction\":[{\"@type\":\"SearchAction\",\"target\":{\"@type\":\"EntryPoint\",\"urlTemplate\":\"https:\/\/atonball.org\/?s={search_term_string}\"},\"query-input\":{\"@type\":\"PropertyValueSpecification\",\"valueRequired\":true,\"valueName\":\"search_term_string\"}}],\"inLanguage\":\"en-US\"},{\"@type\":\"Organization\",\"@id\":\"https:\/\/atonball.org\/#organization\",\"name\":\"atonball\",\"url\":\"https:\/\/atonball.org\/\",\"logo\":{\"@type\":\"ImageObject\",\"inLanguage\":\"en-US\",\"@id\":\"https:\/\/atonball.org\/#\/schema\/logo\/image\/\",\"url\":\"https:\/\/atonball.org\/wp-content\/uploads\/2023\/04\/cropped-cropped-atonball-logo3.png\",\"contentUrl\":\"https:\/\/atonball.org\/wp-content\/uploads\/2023\/04\/cropped-cropped-atonball-logo3.png\",\"width\":512,\"height\":345,\"caption\":\"atonball\"},\"image\":{\"@id\":\"https:\/\/atonball.org\/#\/schema\/logo\/image\/\"},\"sameAs\":[\"https:\/\/www.facebook.com\/profile.php?id=100063710065600\"]}]}<\/script>\n<!-- \/ Yoast SEO plugin. -->","yoast_head_json":{"title":"Les projets atonball - atonball.org","robots":{"index":"index","follow":"follow","max-snippet":"max-snippet:-1","max-image-preview":"max-image-preview:large","max-video-preview":"max-video-preview:-1"},"canonical":"https:\/\/atonball.org\/index.php\/les-projets-atonball\/","og_locale":"en_US","og_type":"article","og_title":"Les projets atonball - atonball.org","og_description":"\u2713 Lancement de l\u2019entit\u00e9 de promotion : l\u2019APSA ; \u2713 Lancement des plateformes de formation d\u2019officiels ; \u2713 Extension et [&hellip;]","og_url":"https:\/\/atonball.org\/index.php\/les-projets-atonball\/","og_site_name":"atonball.org","article_publisher":"https:\/\/www.facebook.com\/profile.php?id=100063710065600","article_modified_time":"2023-05-13T12:23:15+00:00","og_image":[{"width":534,"height":490,"url":"https:\/\/atonball.org\/wp-content\/uploads\/2023\/04\/2-atonball-logo2-m2.png","type":"image\/png"}],"twitter_card":"summary_large_image","twitter_misc":{"Est. reading time":"1 minute"},"schema":{"@context":"https:\/\/schema.org","@graph":[{"@type":"WebPage","@id":"https:\/\/atonball.org\/index.php\/les-projets-atonball\/","url":"https:\/\/atonball.org\/index.php\/les-projets-atonball\/","name":"Les projets atonball - atonball.org","isPartOf":{"@id":"https:\/\/atonball.org\/#website"},"primaryImageOfPage":{"@id":"https:\/\/atonball.org\/index.php\/les-projets-atonball\/#primaryimage"},"image":{"@id":"https:\/\/atonball.org\/index.php\/les-projets-atonball\/#primaryimage"},"thumbnailUrl":"https:\/\/atonball.org\/wp-content\/uploads\/2023\/04\/2-atonball-logo2-m2.png","datePublished":"2023-05-06T09:09:54+00:00","dateModified":"2023-05-13T12:23:15+00:00","breadcrumb":{"@id":"https:\/\/atonball.org\/index.php\/les-projets-atonball\/#breadcrumb"},"inLanguage":"en-US","potentialAction":[{"@type":"ReadAction","target":["https:\/\/atonball.org\/index.php\/les-projets-atonball\/"]}]},{"@type":"ImageObject","inLanguage":"en-US","@id":"https:\/\/atonball.org\/index.php\/les-projets-atonball\/#primaryimage","url":"https:\/\/atonball.org\/wp-content\/uploads\/2023\/04\/2-atonball-logo2-m2.png","contentUrl":"https:\/\/atonball.org\/wp-content\/uploads\/2023\/04\/2-atonball-logo2-m2.png","width":534,"height":490,"caption":"Trois joueurs et ballons"},{"@type":"BreadcrumbList","@id":"https:\/\/atonball.org\/index.php\/les-projets-atonball\/#breadcrumb","itemListElement":[{"@type":"ListItem","position":1,"name":"Accueil","item":"https:\/\/atonball.org\/"},{"@type":"ListItem","position":2,"name":"Les projets atonball"}]},{"@type":"WebSite","@id":"https:\/\/atonball.org\/#website","url":"https:\/\/atonball.org\/","name":"atonball.org","description":"A new world of sport ","publisher":{"@id":"https:\/\/atonball.org\/#organization"},"potentialAction":[{"@type":"SearchAction","target":{"@type":"EntryPoint","urlTemplate":"https:\/\/atonball.org\/?s={search_term_string}"},"query-input":{"@type":"PropertyValueSpecification","valueRequired":true,"valueName":"search_term_string"}}],"inLanguage":"en-US"},{"@type":"Organization","@id":"https:\/\/atonball.org\/#organization","name":"atonball","url":"https:\/\/atonball.org\/","logo":{"@type":"ImageObject","inLanguage":"en-US","@id":"https:\/\/atonball.org\/#\/schema\/logo\/image\/","url":"https:\/\/atonball.org\/wp-content\/uploads\/2023\/04\/cropped-cropped-atonball-logo3.png","contentUrl":"https:\/\/atonball.org\/wp-content\/uploads\/2023\/04\/cropped-cropped-atonball-logo3.png","width":512,"height":345,"caption":"atonball"},"image":{"@id":"https:\/\/atonball.org\/#\/schema\/logo\/image\/"},"sameAs":["https:\/\/www.facebook.com\/profile.php?id=100063710065600"]}]}},"uagb_featured_image_src":{"full":["https:\/\/atonball.org\/wp-content\/uploads\/2023\/04\/2-atonball-logo2-m2.png",534,490,false],"thumbnail":["https:\/\/atonball.org\/wp-content\/uploads\/2023\/04\/2-atonball-logo2-m2-150x150.png",150,150,true],"medium":["https:\/\/atonball.org\/wp-content\/uploads\/2023\/04\/2-atonball-logo2-m2-300x275.png",300,275,true],"medium_large":["https:\/\/atonball.org\/wp-content\/uploads\/2023\/04\/2-atonball-logo2-m2.png",534,490,false],"large":["https:\/\/atonball.org\/wp-content\/uploads\/2023\/04\/2-atonball-logo2-m2.png",534,490,false],"post-slider-thumb-size":["https:\/\/atonball.org\/wp-content\/uploads\/2023\/04\/2-atonball-logo2-m2-330x190.png",330,190,true],"1536x1536":["https:\/\/atonball.org\/wp-content\/uploads\/2023\/04\/2-atonball-logo2-m2.png",534,490,false],"2048x2048":["https:\/\/atonball.org\/wp-content\/uploads\/2023\/04\/2-atonball-logo2-m2.png",534,490,false],"post-thumbnail":["https:\/\/atonball.org\/wp-content\/uploads\/2023\/04\/2-atonball-logo2-m2.png",534,490,false],"tzwb-thumbnail":["https:\/\/atonball.org\/wp-content\/uploads\/2023\/04\/2-atonball-logo2-m2.png",80,73,false]},"uagb_author_info":{"display_name":"Concepteur","author_link":"https:\/\/atonball.org\/index.php\/author\/moclaimg14gmail-com\/"},"uagb_comment_info":0,"uagb_excerpt":"\u2713 Lancement de l\u2019entit\u00e9 de promotion : l\u2019APSA ; \u2713 Lancement des plateformes de formation d\u2019officiels ; \u2713 Extension et [&hellip;]","_links":{"self":[{"href":"https:\/\/atonball.org\/index.php\/wp-json\/wp\/v2\/pages\/174","targetHints":{"allow":["GET"]}}],"collection":[{"href":"https:\/\/atonball.org\/index.php\/wp-json\/wp\/v2\/pages"}],"about":[{"href":"https:\/\/atonball.org\/index.php\/wp-json\/wp\/v2\/types\/page"}],"author":[{"embeddable":true,"href":"https:\/\/atonball.org\/index.php\/wp-json\/wp\/v2\/users\/1"}],"replies":[{"embeddable":true,"href":"https:\/\/atonball.org\/index.php\/wp-json\/wp\/v2\/comments?post=174"}],"version-history":[{"count":4,"href":"https:\/\/atonball.org\/index.php\/wp-json\/wp\/v2\/pages\/174\/revisions"}],"predecessor-version":[{"id":456,"href":"https:\/\/atonball.org\/index.php\/wp-json\/wp\/v2\/pages\/174\/revisions\/456"}],"wp:featuredmedia":[{"embeddable":true,"href":"https:\/\/atonball.org\/index.php\/wp-json\/wp\/v2\/media\/39"}],"wp:attachment":[{"href":"https:\/\/atonball.org\/index.php\/wp-json\/wp\/v2\/media?parent=174"}],"curies":[{"name":"wp","href":"https:\/\/api.w.org\/{rel}","templated":true}]}}