{"id":176,"date":"2023-05-06T12:04:42","date_gmt":"2023-05-06T10:04:42","guid":{"rendered":"https:\/\/atonball.org\/?page_id=176"},"modified":"2023-05-17T01:19:29","modified_gmt":"2023-05-16T23:19:29","slug":"origine-de-latonball","status":"publish","type":"page","link":"https:\/\/atonball.org\/index.php\/a-la-decouverte-de-latonball\/origine-de-latonball\/","title":{"rendered":"Origine de l&#8217;atonball"},"content":{"rendered":"\t\t<div data-elementor-type=\"wp-page\" data-elementor-id=\"176\" class=\"elementor elementor-176\">\n\t\t\t\t\t\t<section class=\"elementor-section elementor-top-section elementor-element elementor-element-7824e6a7 elementor-section-boxed elementor-section-height-default elementor-section-height-default\" data-id=\"7824e6a7\" data-element_type=\"section\" data-e-type=\"section\" data-settings=\"{&quot;background_background&quot;:&quot;slideshow&quot;,&quot;background_slideshow_slide_transition&quot;:&quot;slide_right&quot;,&quot;background_slideshow_ken_burns&quot;:&quot;yes&quot;,&quot;background_slideshow_ken_burns_zoom_direction&quot;:&quot;out&quot;,&quot;background_slideshow_gallery&quot;:[],&quot;background_slideshow_loop&quot;:&quot;yes&quot;,&quot;background_slideshow_slide_duration&quot;:5000,&quot;background_slideshow_transition_duration&quot;:500}\">\n\t\t\t\t\t\t<div class=\"elementor-container elementor-column-gap-default\">\n\t\t\t\t\t<div class=\"elementor-column elementor-col-100 elementor-top-column elementor-element elementor-element-5b85de8a\" data-id=\"5b85de8a\" data-element_type=\"column\" data-e-type=\"column\" data-settings=\"{&quot;background_background&quot;:&quot;slideshow&quot;,&quot;background_slideshow_gallery&quot;:[],&quot;background_slideshow_loop&quot;:&quot;yes&quot;,&quot;background_slideshow_slide_duration&quot;:5000,&quot;background_slideshow_slide_transition&quot;:&quot;fade&quot;,&quot;background_slideshow_transition_duration&quot;:500}\">\n\t\t\t<div class=\"elementor-widget-wrap elementor-element-populated\">\n\t\t\t\t\t\t<div class=\"elementor-element elementor-element-3f4296d2 elementor-drop-cap-yes elementor-widget__width-initial elementor-drop-cap-view-default elementor-widget elementor-widget-text-editor\" data-id=\"3f4296d2\" data-element_type=\"widget\" data-e-type=\"widget\" data-settings=\"{&quot;drop_cap&quot;:&quot;yes&quot;}\" data-widget_type=\"text-editor.default\">\n\t\t\t\t<div class=\"elementor-widget-container\">\n\t\t\t\t\t\t\t\t\t<p>\nL\u2019Atonball est con\u00e7u par Charles AGASSOUNON, un administrateur civil b\u00e9ninois (Afrique de l\u2019Ouest), dipl\u00f4m\u00e9 de l\u2019Ecole Nationale d\u2019Administration et de Magistrature (ENAM). \n<\/p>\nPassionn\u00e9 des jeux et sports, il a jou\u00e9 au club de handball du coll\u00e8ge, joueur amateur de football depuis l&#8217;adolescence et admirateur du basketball et du volley-ball. En 2004, il n\u2019a pu acc\u00e9der aux \u00e9tudes universitaires \u00e0 l\u2019Institut National de la Jeunesse, de l\u2019Education Physique et Sportive (INJEPS) de Porto-Novo qu\u2019il aspirait. Mais \u00e0 l\u2019ENAM, o\u00f9 il a \u00e9t\u00e9 admis, il fit ses recherches de licence sur l\u2019impact des activit\u00e9s sportives sur le d\u00e9veloppement local \u00e0 Cotonou, une ville b\u00e9ninoise ; un m\u00e9moire d\u2019engagement reconnu par le jury en 2009. Ses recherches l\u2019ont conduit, \u00e0 maintes reprises, \u00e0 l\u2019INJEPS o\u00f9 il prit connaissance de plusieurs fruits de recherche universitaire en mati\u00e8re sportive.\n<\/p>\nLe 04 avril 2014, l\u2019id\u00e9e lui vient de concevoir un sport nouveau dans son organisation, un sport orient\u00e9 vers la coordination d\u2019une \u00e9quipe aux objectifs divers, pour un but unique et ultime, r\u00e9ussir.\n<\/p>\nDepuis cette ann\u00e9e, ses r\u00e9flexions ont lentement et longuement \u00e9volu\u00e9 dans une confrontation avec les possibilit\u00e9s des pratiques, la faisabilit\u00e9, l\u2019utilit\u00e9, la nouveaut\u00e9, la modernit\u00e9, l\u2019attrait, l\u2019agilit\u00e9, l\u2019adresse et surtout l\u2019objectif d\u2019une telle activit\u00e9 sportive pour l\u2019individu et la communaut\u00e9.\n<\/p>\nPour leitmotiv, le concepteur fait la place \u00e0 une nouvelle exp\u00e9rience sportive o\u00f9 tout reste passion gr\u00e2ce \u00e0 des combinaisons d\u2019esprits, de tactiques, de techniques, d\u2019\u00e9quipements nouveaux et de couleurs structur\u00e9es. Ses travaux de conception ont \u00e9t\u00e9 achev\u00e9s en avril 2023, neuf ans apr\u00e8s la naissance de l\u2019id\u00e9e.\n\t\t\t\t\t\t\t\t<\/div>\n\t\t\t\t<\/div>\n\t\t\t\t\t<\/div>\n\t\t<\/div>\n\t\t\t\t\t<\/div>\n\t\t<\/section>\n\t\t\t\t<\/div>\n\t\t","protected":false},"excerpt":{"rendered":"<p>L\u2019Atonball est con\u00e7u par Charles AGASSOUNON, un administrateur civil b\u00e9ninois (Afrique de l\u2019Ouest), dipl\u00f4m\u00e9 de l\u2019Ecole Nationale d\u2019Administration et de [&hellip;]<\/p>\n","protected":false},"author":1,"featured_media":179,"parent":27,"menu_order":4,"comment_status":"closed","ping_status":"closed","template":"","meta":{"_uag_custom_page_level_css":"","footnotes":""},"class_list":["post-176","page","type-page","status-publish","has-post-thumbnail","hentry"],"yoast_head":"<!-- This site is optimized with the Yoast SEO plugin v27.0 - https:\/\/yoast.com\/product\/yoast-seo-wordpress\/ -->\n<title>Origine de l&#039;atonball - atonball.org<\/title>\n<meta name=\"robots\" content=\"index, follow, max-snippet:-1, max-image-preview:large, max-video-preview:-1\" \/>\n<link rel=\"canonical\" href=\"https:\/\/atonball.org\/index.php\/a-la-decouverte-de-latonball\/origine-de-latonball\/\" \/>\n<meta property=\"og:locale\" content=\"en_US\" \/>\n<meta property=\"og:type\" content=\"article\" \/>\n<meta property=\"og:title\" content=\"Origine de l&#039;atonball - atonball.org\" \/>\n<meta property=\"og:description\" content=\"L\u2019Atonball est con\u00e7u par Charles AGASSOUNON, un administrateur civil b\u00e9ninois (Afrique de l\u2019Ouest), dipl\u00f4m\u00e9 de l\u2019Ecole Nationale d\u2019Administration et de [&hellip;]\" \/>\n<meta property=\"og:url\" content=\"https:\/\/atonball.org\/index.php\/a-la-decouverte-de-latonball\/origine-de-latonball\/\" \/>\n<meta property=\"og:site_name\" content=\"atonball.org\" \/>\n<meta property=\"article:publisher\" content=\"https:\/\/www.facebook.com\/profile.php?id=100063710065600\" \/>\n<meta property=\"article:modified_time\" content=\"2023-05-16T23:19:29+00:00\" \/>\n<meta property=\"og:image\" content=\"https:\/\/atonball.org\/wp-content\/uploads\/2023\/05\/C-Agassounon-atba-concept.jpeg\" \/>\n\t<meta property=\"og:image:width\" content=\"1366\" \/>\n\t<meta property=\"og:image:height\" content=\"1106\" \/>\n\t<meta property=\"og:image:type\" content=\"image\/jpeg\" \/>\n<meta name=\"twitter:card\" content=\"summary_large_image\" \/>\n<meta name=\"twitter:label1\" content=\"Est. reading time\" \/>\n\t<meta name=\"twitter:data1\" content=\"2 minutes\" \/>\n<script type=\"application\/ld+json\" class=\"yoast-schema-graph\">{\"@context\":\"https:\/\/schema.org\",\"@graph\":[{\"@type\":\"WebPage\",\"@id\":\"https:\/\/atonball.org\/index.php\/a-la-decouverte-de-latonball\/origine-de-latonball\/\",\"url\":\"https:\/\/atonball.org\/index.php\/a-la-decouverte-de-latonball\/origine-de-latonball\/\",\"name\":\"Origine de l'atonball - atonball.org\",\"isPartOf\":{\"@id\":\"https:\/\/atonball.org\/#website\"},\"primaryImageOfPage\":{\"@id\":\"https:\/\/atonball.org\/index.php\/a-la-decouverte-de-latonball\/origine-de-latonball\/#primaryimage\"},\"image\":{\"@id\":\"https:\/\/atonball.org\/index.php\/a-la-decouverte-de-latonball\/origine-de-latonball\/#primaryimage\"},\"thumbnailUrl\":\"https:\/\/atonball.org\/wp-content\/uploads\/2023\/05\/C-Agassounon-atba-concept.jpeg\",\"datePublished\":\"2023-05-06T10:04:42+00:00\",\"dateModified\":\"2023-05-16T23:19:29+00:00\",\"breadcrumb\":{\"@id\":\"https:\/\/atonball.org\/index.php\/a-la-decouverte-de-latonball\/origine-de-latonball\/#breadcrumb\"},\"inLanguage\":\"en-US\",\"potentialAction\":[{\"@type\":\"ReadAction\",\"target\":[\"https:\/\/atonball.org\/index.php\/a-la-decouverte-de-latonball\/origine-de-latonball\/\"]}]},{\"@type\":\"ImageObject\",\"inLanguage\":\"en-US\",\"@id\":\"https:\/\/atonball.org\/index.php\/a-la-decouverte-de-latonball\/origine-de-latonball\/#primaryimage\",\"url\":\"https:\/\/atonball.org\/wp-content\/uploads\/2023\/05\/C-Agassounon-atba-concept.jpeg\",\"contentUrl\":\"https:\/\/atonball.org\/wp-content\/uploads\/2023\/05\/C-Agassounon-atba-concept.jpeg\",\"width\":1366,\"height\":1106,\"caption\":\"C.Agassounon\"},{\"@type\":\"BreadcrumbList\",\"@id\":\"https:\/\/atonball.org\/index.php\/a-la-decouverte-de-latonball\/origine-de-latonball\/#breadcrumb\",\"itemListElement\":[{\"@type\":\"ListItem\",\"position\":1,\"name\":\"Accueil\",\"item\":\"https:\/\/atonball.org\/\"},{\"@type\":\"ListItem\",\"position\":2,\"name\":\"A la d\u00e9couverte de l&rsquo;atonball\",\"item\":\"https:\/\/atonball.org\/index.php\/a-la-decouverte-de-latonball\/\"},{\"@type\":\"ListItem\",\"position\":3,\"name\":\"Origine de l&rsquo;atonball\"}]},{\"@type\":\"WebSite\",\"@id\":\"https:\/\/atonball.org\/#website\",\"url\":\"https:\/\/atonball.org\/\",\"name\":\"atonball.org\",\"description\":\"A new world of sport \",\"publisher\":{\"@id\":\"https:\/\/atonball.org\/#organization\"},\"potentialAction\":[{\"@type\":\"SearchAction\",\"target\":{\"@type\":\"EntryPoint\",\"urlTemplate\":\"https:\/\/atonball.org\/?s={search_term_string}\"},\"query-input\":{\"@type\":\"PropertyValueSpecification\",\"valueRequired\":true,\"valueName\":\"search_term_string\"}}],\"inLanguage\":\"en-US\"},{\"@type\":\"Organization\",\"@id\":\"https:\/\/atonball.org\/#organization\",\"name\":\"atonball\",\"url\":\"https:\/\/atonball.org\/\",\"logo\":{\"@type\":\"ImageObject\",\"inLanguage\":\"en-US\",\"@id\":\"https:\/\/atonball.org\/#\/schema\/logo\/image\/\",\"url\":\"https:\/\/atonball.org\/wp-content\/uploads\/2023\/04\/cropped-cropped-atonball-logo3.png\",\"contentUrl\":\"https:\/\/atonball.org\/wp-content\/uploads\/2023\/04\/cropped-cropped-atonball-logo3.png\",\"width\":512,\"height\":345,\"caption\":\"atonball\"},\"image\":{\"@id\":\"https:\/\/atonball.org\/#\/schema\/logo\/image\/\"},\"sameAs\":[\"https:\/\/www.facebook.com\/profile.php?id=100063710065600\"]}]}<\/script>\n<!-- \/ Yoast SEO plugin. -->","yoast_head_json":{"title":"Origine de l'atonball - atonball.org","robots":{"index":"index","follow":"follow","max-snippet":"max-snippet:-1","max-image-preview":"max-image-preview:large","max-video-preview":"max-video-preview:-1"},"canonical":"https:\/\/atonball.org\/index.php\/a-la-decouverte-de-latonball\/origine-de-latonball\/","og_locale":"en_US","og_type":"article","og_title":"Origine de l'atonball - atonball.org","og_description":"L\u2019Atonball est con\u00e7u par Charles AGASSOUNON, un administrateur civil b\u00e9ninois (Afrique de l\u2019Ouest), dipl\u00f4m\u00e9 de l\u2019Ecole Nationale d\u2019Administration et de [&hellip;]","og_url":"https:\/\/atonball.org\/index.php\/a-la-decouverte-de-latonball\/origine-de-latonball\/","og_site_name":"atonball.org","article_publisher":"https:\/\/www.facebook.com\/profile.php?id=100063710065600","article_modified_time":"2023-05-16T23:19:29+00:00","og_image":[{"width":1366,"height":1106,"url":"https:\/\/atonball.org\/wp-content\/uploads\/2023\/05\/C-Agassounon-atba-concept.jpeg","type":"image\/jpeg"}],"twitter_card":"summary_large_image","twitter_misc":{"Est. reading time":"2 minutes"},"schema":{"@context":"https:\/\/schema.org","@graph":[{"@type":"WebPage","@id":"https:\/\/atonball.org\/index.php\/a-la-decouverte-de-latonball\/origine-de-latonball\/","url":"https:\/\/atonball.org\/index.php\/a-la-decouverte-de-latonball\/origine-de-latonball\/","name":"Origine de l'atonball - atonball.org","isPartOf":{"@id":"https:\/\/atonball.org\/#website"},"primaryImageOfPage":{"@id":"https:\/\/atonball.org\/index.php\/a-la-decouverte-de-latonball\/origine-de-latonball\/#primaryimage"},"image":{"@id":"https:\/\/atonball.org\/index.php\/a-la-decouverte-de-latonball\/origine-de-latonball\/#primaryimage"},"thumbnailUrl":"https:\/\/atonball.org\/wp-content\/uploads\/2023\/05\/C-Agassounon-atba-concept.jpeg","datePublished":"2023-05-06T10:04:42+00:00","dateModified":"2023-05-16T23:19:29+00:00","breadcrumb":{"@id":"https:\/\/atonball.org\/index.php\/a-la-decouverte-de-latonball\/origine-de-latonball\/#breadcrumb"},"inLanguage":"en-US","potentialAction":[{"@type":"ReadAction","target":["https:\/\/atonball.org\/index.php\/a-la-decouverte-de-latonball\/origine-de-latonball\/"]}]},{"@type":"ImageObject","inLanguage":"en-US","@id":"https:\/\/atonball.org\/index.php\/a-la-decouverte-de-latonball\/origine-de-latonball\/#primaryimage","url":"https:\/\/atonball.org\/wp-content\/uploads\/2023\/05\/C-Agassounon-atba-concept.jpeg","contentUrl":"https:\/\/atonball.org\/wp-content\/uploads\/2023\/05\/C-Agassounon-atba-concept.jpeg","width":1366,"height":1106,"caption":"C.Agassounon"},{"@type":"BreadcrumbList","@id":"https:\/\/atonball.org\/index.php\/a-la-decouverte-de-latonball\/origine-de-latonball\/#breadcrumb","itemListElement":[{"@type":"ListItem","position":1,"name":"Accueil","item":"https:\/\/atonball.org\/"},{"@type":"ListItem","position":2,"name":"A la d\u00e9couverte de l&rsquo;atonball","item":"https:\/\/atonball.org\/index.php\/a-la-decouverte-de-latonball\/"},{"@type":"ListItem","position":3,"name":"Origine de l&rsquo;atonball"}]},{"@type":"WebSite","@id":"https:\/\/atonball.org\/#website","url":"https:\/\/atonball.org\/","name":"atonball.org","description":"A new world of sport ","publisher":{"@id":"https:\/\/atonball.org\/#organization"},"potentialAction":[{"@type":"SearchAction","target":{"@type":"EntryPoint","urlTemplate":"https:\/\/atonball.org\/?s={search_term_string}"},"query-input":{"@type":"PropertyValueSpecification","valueRequired":true,"valueName":"search_term_string"}}],"inLanguage":"en-US"},{"@type":"Organization","@id":"https:\/\/atonball.org\/#organization","name":"atonball","url":"https:\/\/atonball.org\/","logo":{"@type":"ImageObject","inLanguage":"en-US","@id":"https:\/\/atonball.org\/#\/schema\/logo\/image\/","url":"https:\/\/atonball.org\/wp-content\/uploads\/2023\/04\/cropped-cropped-atonball-logo3.png","contentUrl":"https:\/\/atonball.org\/wp-content\/uploads\/2023\/04\/cropped-cropped-atonball-logo3.png","width":512,"height":345,"caption":"atonball"},"image":{"@id":"https:\/\/atonball.org\/#\/schema\/logo\/image\/"},"sameAs":["https:\/\/www.facebook.com\/profile.php?id=100063710065600"]}]}},"uagb_featured_image_src":{"full":["https:\/\/atonball.org\/wp-content\/uploads\/2023\/05\/C-Agassounon-atba-concept.jpeg",1366,1106,false],"thumbnail":["https:\/\/atonball.org\/wp-content\/uploads\/2023\/05\/C-Agassounon-atba-concept-150x150.jpeg",150,150,true],"medium":["https:\/\/atonball.org\/wp-content\/uploads\/2023\/05\/C-Agassounon-atba-concept-300x243.jpeg",300,243,true],"medium_large":["https:\/\/atonball.org\/wp-content\/uploads\/2023\/05\/C-Agassounon-atba-concept-768x622.jpeg",768,622,true],"large":["https:\/\/atonball.org\/wp-content\/uploads\/2023\/05\/C-Agassounon-atba-concept-1024x829.jpeg",1024,829,true],"post-slider-thumb-size":["https:\/\/atonball.org\/wp-content\/uploads\/2023\/05\/C-Agassounon-atba-concept-330x190.jpeg",330,190,true],"1536x1536":["https:\/\/atonball.org\/wp-content\/uploads\/2023\/05\/C-Agassounon-atba-concept.jpeg",1366,1106,false],"2048x2048":["https:\/\/atonball.org\/wp-content\/uploads\/2023\/05\/C-Agassounon-atba-concept.jpeg",1366,1106,false],"post-thumbnail":["https:\/\/atonball.org\/wp-content\/uploads\/2023\/05\/C-Agassounon-atba-concept-945x765.jpeg",945,765,true],"tzwb-thumbnail":["https:\/\/atonball.org\/wp-content\/uploads\/2023\/05\/C-Agassounon-atba-concept-80x80.jpeg",80,80,true]},"uagb_author_info":{"display_name":"Concepteur","author_link":"https:\/\/atonball.org\/index.php\/author\/moclaimg14gmail-com\/"},"uagb_comment_info":0,"uagb_excerpt":"L\u2019Atonball est con\u00e7u par Charles AGASSOUNON, un administrateur civil b\u00e9ninois (Afrique de l\u2019Ouest), dipl\u00f4m\u00e9 de l\u2019Ecole Nationale d\u2019Administration et de [&hellip;]","_links":{"self":[{"href":"https:\/\/atonball.org\/index.php\/wp-json\/wp\/v2\/pages\/176","targetHints":{"allow":["GET"]}}],"collection":[{"href":"https:\/\/atonball.org\/index.php\/wp-json\/wp\/v2\/pages"}],"about":[{"href":"https:\/\/atonball.org\/index.php\/wp-json\/wp\/v2\/types\/page"}],"author":[{"embeddable":true,"href":"https:\/\/atonball.org\/index.php\/wp-json\/wp\/v2\/users\/1"}],"replies":[{"embeddable":true,"href":"https:\/\/atonball.org\/index.php\/wp-json\/wp\/v2\/comments?post=176"}],"version-history":[{"count":52,"href":"https:\/\/atonball.org\/index.php\/wp-json\/wp\/v2\/pages\/176\/revisions"}],"predecessor-version":[{"id":464,"href":"https:\/\/atonball.org\/index.php\/wp-json\/wp\/v2\/pages\/176\/revisions\/464"}],"up":[{"embeddable":true,"href":"https:\/\/atonball.org\/index.php\/wp-json\/wp\/v2\/pages\/27"}],"wp:featuredmedia":[{"embeddable":true,"href":"https:\/\/atonball.org\/index.php\/wp-json\/wp\/v2\/media\/179"}],"wp:attachment":[{"href":"https:\/\/atonball.org\/index.php\/wp-json\/wp\/v2\/media?parent=176"}],"curies":[{"name":"wp","href":"https:\/\/api.w.org\/{rel}","templated":true}]}}