{"id":47,"date":"2023-05-01T11:05:50","date_gmt":"2023-05-01T09:05:50","guid":{"rendered":"https:\/\/atonball.org\/index.php\/colibri-wp\/"},"modified":"2023-05-24T12:24:14","modified_gmt":"2023-05-24T10:24:14","slug":"accueil","status":"publish","type":"page","link":"https:\/\/atonball.org\/","title":{"rendered":"Accueil"},"content":{"rendered":"\t\t<div data-elementor-type=\"wp-page\" data-elementor-id=\"47\" class=\"elementor elementor-47\">\n\t\t\t\t\t\t<section class=\"elementor-section elementor-top-section elementor-element elementor-element-153e957 elementor-section-boxed elementor-section-height-default elementor-section-height-default\" data-id=\"153e957\" data-element_type=\"section\" data-e-type=\"section\">\n\t\t\t\t\t\t<div class=\"elementor-container elementor-column-gap-default\">\n\t\t\t\t\t<div class=\"elementor-column elementor-col-100 elementor-top-column elementor-element elementor-element-f60fffc\" data-id=\"f60fffc\" data-element_type=\"column\" data-e-type=\"column\" data-settings=\"{&quot;background_background&quot;:&quot;slideshow&quot;,&quot;background_slideshow_gallery&quot;:[{&quot;id&quot;:198,&quot;url&quot;:&quot;https:\\\/\\\/atonball.org\\\/wp-content\\\/uploads\\\/2023\\\/05\\\/LogoBanniereFondEcran-e1683542195448.png&quot;},{&quot;id&quot;:44,&quot;url&quot;:&quot;https:\\\/\\\/atonball.org\\\/wp-content\\\/uploads\\\/2023\\\/04\\\/7-atonball-trois-ballons1-m.png&quot;},{&quot;id&quot;:39,&quot;url&quot;:&quot;https:\\\/\\\/atonball.org\\\/wp-content\\\/uploads\\\/2023\\\/04\\\/2-atonball-logo2-m2.png&quot;}],&quot;background_slideshow_ken_burns&quot;:&quot;yes&quot;,&quot;background_slideshow_ken_burns_zoom_direction&quot;:&quot;out&quot;,&quot;background_slideshow_loop&quot;:&quot;yes&quot;,&quot;background_slideshow_slide_duration&quot;:5000,&quot;background_slideshow_slide_transition&quot;:&quot;fade&quot;,&quot;background_slideshow_transition_duration&quot;:500}\">\n\t\t\t<div class=\"elementor-widget-wrap elementor-element-populated\">\n\t\t\t\t\t\t<div class=\"elementor-element elementor-element-ae6ecf6 elementor-drop-cap-yes elementor-widget__width-inherit elementor-drop-cap-view-default elementor-invisible elementor-widget elementor-widget-text-editor\" data-id=\"ae6ecf6\" data-element_type=\"widget\" data-e-type=\"widget\" data-settings=\"{&quot;drop_cap&quot;:&quot;yes&quot;,&quot;_animation&quot;:&quot;tada&quot;}\" data-widget_type=\"text-editor.default\">\n\t\t\t\t<div class=\"elementor-widget-container\">\n\t\t\t\t\t\t\t\t\t<p>\n<\/p>\nA new world of sport\n<\/p>\n<\/p>\n<\/p>\n<\/p>\n<\/p>\n\t\t\t\t\t\t\t\t<\/div>\n\t\t\t\t<\/div>\n\t\t\t\t\t<\/div>\n\t\t<\/div>\n\t\t\t\t\t<\/div>\n\t\t<\/section>\n\t\t\t\t<section class=\"elementor-section elementor-top-section elementor-element elementor-element-7b9c22eb elementor-section-boxed elementor-section-height-default elementor-section-height-default\" data-id=\"7b9c22eb\" data-element_type=\"section\" data-e-type=\"section\">\n\t\t\t\t\t\t<div class=\"elementor-container elementor-column-gap-default\">\n\t\t\t\t\t<div class=\"elementor-column elementor-col-100 elementor-top-column elementor-element elementor-element-18814c9b\" data-id=\"18814c9b\" data-element_type=\"column\" data-e-type=\"column\">\n\t\t\t<div class=\"elementor-widget-wrap elementor-element-populated\">\n\t\t\t\t\t\t<div class=\"elementor-element elementor-element-7d6f14f3 elementor-drop-cap-yes elementor-widget__width-inherit elementor-drop-cap-view-default elementor-widget elementor-widget-text-editor\" data-id=\"7d6f14f3\" data-element_type=\"widget\" data-e-type=\"widget\" data-settings=\"{&quot;drop_cap&quot;:&quot;yes&quot;}\" data-widget_type=\"text-editor.default\">\n\t\t\t\t<div class=\"elementor-widget-container\">\n\t\t\t\t\t\t\t\t\tAtonball\n<p>\nAtonball une conception sportive nouvelle qui se pratique entre deux \u00e9quipes de huit personnes au moins qui s&#8217;affrontent en trois temps de jeu avec trois ballons actifs : l&#8217;actol, l&#8217;abol et le factol sur un terrain sp\u00e9cial.\n<\/p> \nAtonball signifie litt\u00e9ralement &#8220;trois&#8221; et &#8220;ball&#8221; d&#8217;o\u00f9 l&#8217;appellation &#8220;threeball&#8221; en anglais. Le trois est une r\u00e9f\u00e9rence \u00e0 la triple pr\u00e9sentation de plusieurs \u00e9l\u00e9ments du jeu : les ballons, les aires de jeu, les types de joueurs, les niveaux du camp d&#8217;objectifs, les cylindres d&#8217;un filet tricolore&#8230; \n<\/p>\nD\u00e9couvrez ce sport, ce jeu passionnant.\n\n\nAtonball, a new world of sport.\t\t\t\t\t\t\t\t<\/div>\n\t\t\t\t<\/div>\n\t\t\t\t\t<\/div>\n\t\t<\/div>\n\t\t\t\t\t<\/div>\n\t\t<\/section>\n\t\t\t\t<section class=\"elementor-section elementor-top-section elementor-element elementor-element-7c69739 elementor-section-boxed elementor-section-height-default elementor-section-height-default\" data-id=\"7c69739\" data-element_type=\"section\" data-e-type=\"section\">\n\t\t\t\t\t\t<div class=\"elementor-container elementor-column-gap-default\">\n\t\t\t\t\t<div class=\"elementor-column elementor-col-100 elementor-top-column elementor-element elementor-element-6b7ccfd\" data-id=\"6b7ccfd\" data-element_type=\"column\" data-e-type=\"column\">\n\t\t\t<div class=\"elementor-widget-wrap\">\n\t\t\t\t\t\t\t<\/div>\n\t\t<\/div>\n\t\t\t\t\t<\/div>\n\t\t<\/section>\n\t\t\t\t<\/div>\n\t\t","protected":false},"excerpt":{"rendered":"<p>A new world of sport Atonball Atonball une conception sportive nouvelle qui se pratique entre deux \u00e9quipes de huit personnes [&hellip;]<\/p>\n","protected":false},"author":1,"featured_media":0,"parent":0,"menu_order":1,"comment_status":"closed","ping_status":"closed","template":"","meta":{"_uag_custom_page_level_css":".<img scr=\"TerrainATBA4-e1683540282128.png\" alt\"Terrain atonball ATBA\" \/>\n\n","footnotes":""},"class_list":["post-47","page","type-page","status-publish","hentry"],"yoast_head":"<!-- This site is optimized with the Yoast SEO plugin v27.0 - https:\/\/yoast.com\/product\/yoast-seo-wordpress\/ -->\n<title>Accueil - atonball.org<\/title>\n<meta name=\"description\" content=\"Atonball une conception sportive nouvelle originaire du B\u00e9nin qui se pratique entre deux \u00e9quipes de huit personnes au moins qui s&#039;affrontent en trois temps de jeu avec trois ballons actifs, l&#039;actol, l&#039;abol et le factol sur un terrain sp\u00e9cial. Atonball signifie litt\u00e9ralement &quot;trois&quot; et &quot;ball&quot; d&#039;o\u00f9 l&#039;appellation &quot;Threeball&quot; en anglais. Le trois est une r\u00e9f\u00e9rence \u00e0 la triple pr\u00e9sentation de plusieurs \u00e9l\u00e9ments du jeu : les ballons, les aires de jeu, les types de joueurs, les niveaux du camp d&#039;objectifs, les cylindres d&#039;un filet tricolore... D\u00e9couvrez ce sport, ce jeu passionnant. A new world of sport atonball, a new world of sport.\" \/>\n<meta name=\"robots\" content=\"index, follow, max-snippet:-1, max-image-preview:large, max-video-preview:-1\" \/>\n<link rel=\"canonical\" href=\"https:\/\/atonball.org\/\" \/>\n<meta property=\"og:locale\" content=\"en_US\" \/>\n<meta property=\"og:type\" content=\"article\" \/>\n<meta property=\"og:title\" content=\"Accueil - atonball.org\" \/>\n<meta property=\"og:description\" content=\"Atonball une conception sportive nouvelle originaire du B\u00e9nin qui se pratique entre deux \u00e9quipes de huit personnes au moins qui s&#039;affrontent en trois temps de jeu avec trois ballons actifs, l&#039;actol, l&#039;abol et le factol sur un terrain sp\u00e9cial. Atonball signifie litt\u00e9ralement &quot;trois&quot; et &quot;ball&quot; d&#039;o\u00f9 l&#039;appellation &quot;Threeball&quot; en anglais. Le trois est une r\u00e9f\u00e9rence \u00e0 la triple pr\u00e9sentation de plusieurs \u00e9l\u00e9ments du jeu : les ballons, les aires de jeu, les types de joueurs, les niveaux du camp d&#039;objectifs, les cylindres d&#039;un filet tricolore... D\u00e9couvrez ce sport, ce jeu passionnant. A new world of sport atonball, a new world of sport.\" \/>\n<meta property=\"og:url\" content=\"https:\/\/atonball.org\/\" \/>\n<meta property=\"og:site_name\" content=\"atonball.org\" \/>\n<meta property=\"article:publisher\" content=\"https:\/\/www.facebook.com\/profile.php?id=100063710065600\" \/>\n<meta property=\"article:modified_time\" content=\"2023-05-24T10:24:14+00:00\" \/>\n<meta name=\"twitter:card\" content=\"summary_large_image\" \/>\n<meta name=\"twitter:label1\" content=\"Est. reading time\" \/>\n\t<meta name=\"twitter:data1\" content=\"1 minute\" \/>\n<script type=\"application\/ld+json\" class=\"yoast-schema-graph\">{\"@context\":\"https:\/\/schema.org\",\"@graph\":[{\"@type\":\"WebPage\",\"@id\":\"https:\/\/atonball.org\/\",\"url\":\"https:\/\/atonball.org\/\",\"name\":\"Accueil - atonball.org\",\"isPartOf\":{\"@id\":\"https:\/\/atonball.org\/#website\"},\"datePublished\":\"2023-05-01T09:05:50+00:00\",\"dateModified\":\"2023-05-24T10:24:14+00:00\",\"description\":\"Atonball une conception sportive nouvelle originaire du B\u00e9nin qui se pratique entre deux \u00e9quipes de huit personnes au moins qui s'affrontent en trois temps de jeu avec trois ballons actifs, l'actol, l'abol et le factol sur un terrain sp\u00e9cial. Atonball signifie litt\u00e9ralement \\\"trois\\\" et \\\"ball\\\" d'o\u00f9 l'appellation \\\"Threeball\\\" en anglais. Le trois est une r\u00e9f\u00e9rence \u00e0 la triple pr\u00e9sentation de plusieurs \u00e9l\u00e9ments du jeu : les ballons, les aires de jeu, les types de joueurs, les niveaux du camp d'objectifs, les cylindres d'un filet tricolore... D\u00e9couvrez ce sport, ce jeu passionnant. A new world of sport atonball, a new world of sport.\",\"breadcrumb\":{\"@id\":\"https:\/\/atonball.org\/#breadcrumb\"},\"inLanguage\":\"en-US\",\"potentialAction\":[{\"@type\":\"ReadAction\",\"target\":[\"https:\/\/atonball.org\/\"]}]},{\"@type\":\"BreadcrumbList\",\"@id\":\"https:\/\/atonball.org\/#breadcrumb\",\"itemListElement\":[{\"@type\":\"ListItem\",\"position\":1,\"name\":\"Accueil\",\"item\":\"https:\/\/atonball.org\/\"},{\"@type\":\"ListItem\",\"position\":2,\"name\":\"Accueil\"}]},{\"@type\":\"WebSite\",\"@id\":\"https:\/\/atonball.org\/#website\",\"url\":\"https:\/\/atonball.org\/\",\"name\":\"atonball.org\",\"description\":\"A new world of sport \",\"publisher\":{\"@id\":\"https:\/\/atonball.org\/#organization\"},\"potentialAction\":[{\"@type\":\"SearchAction\",\"target\":{\"@type\":\"EntryPoint\",\"urlTemplate\":\"https:\/\/atonball.org\/?s={search_term_string}\"},\"query-input\":{\"@type\":\"PropertyValueSpecification\",\"valueRequired\":true,\"valueName\":\"search_term_string\"}}],\"inLanguage\":\"en-US\"},{\"@type\":\"Organization\",\"@id\":\"https:\/\/atonball.org\/#organization\",\"name\":\"atonball\",\"url\":\"https:\/\/atonball.org\/\",\"logo\":{\"@type\":\"ImageObject\",\"inLanguage\":\"en-US\",\"@id\":\"https:\/\/atonball.org\/#\/schema\/logo\/image\/\",\"url\":\"https:\/\/atonball.org\/wp-content\/uploads\/2023\/04\/cropped-cropped-atonball-logo3.png\",\"contentUrl\":\"https:\/\/atonball.org\/wp-content\/uploads\/2023\/04\/cropped-cropped-atonball-logo3.png\",\"width\":512,\"height\":345,\"caption\":\"atonball\"},\"image\":{\"@id\":\"https:\/\/atonball.org\/#\/schema\/logo\/image\/\"},\"sameAs\":[\"https:\/\/www.facebook.com\/profile.php?id=100063710065600\"]}]}<\/script>\n<!-- \/ Yoast SEO plugin. -->","yoast_head_json":{"title":"Accueil - atonball.org","description":"Atonball une conception sportive nouvelle originaire du B\u00e9nin qui se pratique entre deux \u00e9quipes de huit personnes au moins qui s'affrontent en trois temps de jeu avec trois ballons actifs, l'actol, l'abol et le factol sur un terrain sp\u00e9cial. Atonball signifie litt\u00e9ralement \"trois\" et \"ball\" d'o\u00f9 l'appellation \"Threeball\" en anglais. Le trois est une r\u00e9f\u00e9rence \u00e0 la triple pr\u00e9sentation de plusieurs \u00e9l\u00e9ments du jeu : les ballons, les aires de jeu, les types de joueurs, les niveaux du camp d'objectifs, les cylindres d'un filet tricolore... D\u00e9couvrez ce sport, ce jeu passionnant. A new world of sport atonball, a new world of sport.","robots":{"index":"index","follow":"follow","max-snippet":"max-snippet:-1","max-image-preview":"max-image-preview:large","max-video-preview":"max-video-preview:-1"},"canonical":"https:\/\/atonball.org\/","og_locale":"en_US","og_type":"article","og_title":"Accueil - atonball.org","og_description":"Atonball une conception sportive nouvelle originaire du B\u00e9nin qui se pratique entre deux \u00e9quipes de huit personnes au moins qui s'affrontent en trois temps de jeu avec trois ballons actifs, l'actol, l'abol et le factol sur un terrain sp\u00e9cial. Atonball signifie litt\u00e9ralement \"trois\" et \"ball\" d'o\u00f9 l'appellation \"Threeball\" en anglais. Le trois est une r\u00e9f\u00e9rence \u00e0 la triple pr\u00e9sentation de plusieurs \u00e9l\u00e9ments du jeu : les ballons, les aires de jeu, les types de joueurs, les niveaux du camp d'objectifs, les cylindres d'un filet tricolore... D\u00e9couvrez ce sport, ce jeu passionnant. A new world of sport atonball, a new world of sport.","og_url":"https:\/\/atonball.org\/","og_site_name":"atonball.org","article_publisher":"https:\/\/www.facebook.com\/profile.php?id=100063710065600","article_modified_time":"2023-05-24T10:24:14+00:00","twitter_card":"summary_large_image","twitter_misc":{"Est. reading time":"1 minute"},"schema":{"@context":"https:\/\/schema.org","@graph":[{"@type":"WebPage","@id":"https:\/\/atonball.org\/","url":"https:\/\/atonball.org\/","name":"Accueil - atonball.org","isPartOf":{"@id":"https:\/\/atonball.org\/#website"},"datePublished":"2023-05-01T09:05:50+00:00","dateModified":"2023-05-24T10:24:14+00:00","description":"Atonball une conception sportive nouvelle originaire du B\u00e9nin qui se pratique entre deux \u00e9quipes de huit personnes au moins qui s'affrontent en trois temps de jeu avec trois ballons actifs, l'actol, l'abol et le factol sur un terrain sp\u00e9cial. Atonball signifie litt\u00e9ralement \"trois\" et \"ball\" d'o\u00f9 l'appellation \"Threeball\" en anglais. Le trois est une r\u00e9f\u00e9rence \u00e0 la triple pr\u00e9sentation de plusieurs \u00e9l\u00e9ments du jeu : les ballons, les aires de jeu, les types de joueurs, les niveaux du camp d'objectifs, les cylindres d'un filet tricolore... D\u00e9couvrez ce sport, ce jeu passionnant. A new world of sport atonball, a new world of sport.","breadcrumb":{"@id":"https:\/\/atonball.org\/#breadcrumb"},"inLanguage":"en-US","potentialAction":[{"@type":"ReadAction","target":["https:\/\/atonball.org\/"]}]},{"@type":"BreadcrumbList","@id":"https:\/\/atonball.org\/#breadcrumb","itemListElement":[{"@type":"ListItem","position":1,"name":"Accueil","item":"https:\/\/atonball.org\/"},{"@type":"ListItem","position":2,"name":"Accueil"}]},{"@type":"WebSite","@id":"https:\/\/atonball.org\/#website","url":"https:\/\/atonball.org\/","name":"atonball.org","description":"A new world of sport ","publisher":{"@id":"https:\/\/atonball.org\/#organization"},"potentialAction":[{"@type":"SearchAction","target":{"@type":"EntryPoint","urlTemplate":"https:\/\/atonball.org\/?s={search_term_string}"},"query-input":{"@type":"PropertyValueSpecification","valueRequired":true,"valueName":"search_term_string"}}],"inLanguage":"en-US"},{"@type":"Organization","@id":"https:\/\/atonball.org\/#organization","name":"atonball","url":"https:\/\/atonball.org\/","logo":{"@type":"ImageObject","inLanguage":"en-US","@id":"https:\/\/atonball.org\/#\/schema\/logo\/image\/","url":"https:\/\/atonball.org\/wp-content\/uploads\/2023\/04\/cropped-cropped-atonball-logo3.png","contentUrl":"https:\/\/atonball.org\/wp-content\/uploads\/2023\/04\/cropped-cropped-atonball-logo3.png","width":512,"height":345,"caption":"atonball"},"image":{"@id":"https:\/\/atonball.org\/#\/schema\/logo\/image\/"},"sameAs":["https:\/\/www.facebook.com\/profile.php?id=100063710065600"]}]}},"uagb_featured_image_src":{"full":false,"thumbnail":false,"medium":false,"medium_large":false,"large":false,"post-slider-thumb-size":false,"1536x1536":false,"2048x2048":false,"post-thumbnail":false,"tzwb-thumbnail":false},"uagb_author_info":{"display_name":"Concepteur","author_link":"https:\/\/atonball.org\/index.php\/author\/moclaimg14gmail-com\/"},"uagb_comment_info":0,"uagb_excerpt":"A new world of sport Atonball Atonball une conception sportive nouvelle qui se pratique entre deux \u00e9quipes de huit personnes [&hellip;]","_links":{"self":[{"href":"https:\/\/atonball.org\/index.php\/wp-json\/wp\/v2\/pages\/47","targetHints":{"allow":["GET"]}}],"collection":[{"href":"https:\/\/atonball.org\/index.php\/wp-json\/wp\/v2\/pages"}],"about":[{"href":"https:\/\/atonball.org\/index.php\/wp-json\/wp\/v2\/types\/page"}],"author":[{"embeddable":true,"href":"https:\/\/atonball.org\/index.php\/wp-json\/wp\/v2\/users\/1"}],"replies":[{"embeddable":true,"href":"https:\/\/atonball.org\/index.php\/wp-json\/wp\/v2\/comments?post=47"}],"version-history":[{"count":58,"href":"https:\/\/atonball.org\/index.php\/wp-json\/wp\/v2\/pages\/47\/revisions"}],"predecessor-version":[{"id":497,"href":"https:\/\/atonball.org\/index.php\/wp-json\/wp\/v2\/pages\/47\/revisions\/497"}],"wp:attachment":[{"href":"https:\/\/atonball.org\/index.php\/wp-json\/wp\/v2\/media?parent=47"}],"curies":[{"name":"wp","href":"https:\/\/api.w.org\/{rel}","templated":true}]}}